{"id":6931,"date":"2025-09-09T06:57:26","date_gmt":"2025-09-09T06:57:26","guid":{"rendered":"https:\/\/toursoftuscany.it\/sobre-nosotras\/"},"modified":"2026-02-23T13:52:01","modified_gmt":"2026-02-23T13:52:01","slug":"sobre-nosotras","status":"publish","type":"page","link":"https:\/\/toursoftuscany.it\/es\/sobre-nosotras\/","title":{"rendered":"Sobre nosotras"},"content":{"rendered":"\t\t<div data-elementor-type=\"wp-page\" data-elementor-id=\"6931\" class=\"elementor elementor-6931 elementor-1771\" data-elementor-post-type=\"page\">\n\t\t\t\t<div class=\"elementor-element elementor-element-4502476 e-flex e-con-boxed e-con e-parent\" data-id=\"4502476\" data-element_type=\"container\" data-e-type=\"container\">\n\t\t\t\t\t<div class=\"e-con-inner\">\n\t\t<div class=\"elementor-element elementor-element-a87e736 e-con-full e-flex e-con e-child\" data-id=\"a87e736\" data-element_type=\"container\" data-e-type=\"container\" data-settings=\"{&quot;background_background&quot;:&quot;classic&quot;}\">\n\t\t\t\t<\/div>\n\t\t<div class=\"elementor-element elementor-element-3c4e3b9 e-con-full e-flex e-con e-child\" data-id=\"3c4e3b9\" data-element_type=\"container\" data-e-type=\"container\" data-settings=\"{&quot;background_background&quot;:&quot;classic&quot;}\">\n\t\t\t\t<div class=\"elementor-element elementor-element-918ea04 elementor-widget__width-initial toft_title elementor-widget elementor-widget-heading\" data-id=\"918ea04\" data-element_type=\"widget\" data-e-type=\"widget\" data-widget_type=\"heading.default\">\n\t\t\t\t\t<p class=\"elementor-heading-title elementor-size-default\">El alma aut\u00e9ntica de la Toscana<\/p>\t\t\t\t<\/div>\n\t\t\t\t<div class=\"elementor-element elementor-element-6b67f11 elementor-widget__width-inherit elementor-widget elementor-widget-text-editor\" data-id=\"6b67f11\" data-element_type=\"widget\" data-e-type=\"widget\" data-widget_type=\"text-editor.default\">\n\t\t\t\t\t\t\t\t\t<p>Bienvenido al mundo de Tours of Tuscany, donde creemos que los viajes m\u00e1s significativos se basan en la conexi\u00f3n personal y en el descubrimiento aut\u00e9ntico.<\/p><p>Estamos aqu\u00ed para transformar tus vacaciones en una historia personal, cuidadosamente dise\u00f1ada para reflejar el alma aut\u00e9ntica de nuestra querida regi\u00f3n. Este es nuestro compromiso contigo.<\/p>\t\t\t\t\t\t\t\t<\/div>\n\t\t\t\t<\/div>\n\t\t\t\t\t<\/div>\n\t\t\t\t<\/div>\n\t\t<div class=\"elementor-element elementor-element-1a5b979 e-flex e-con-boxed e-con e-parent\" data-id=\"1a5b979\" data-element_type=\"container\" data-e-type=\"container\">\n\t\t\t\t\t<div class=\"e-con-inner\">\n\t\t<div class=\"elementor-element elementor-element-dbe493c e-con-full e-flex e-con e-child\" data-id=\"dbe493c\" data-element_type=\"container\" data-e-type=\"container\" data-settings=\"{&quot;background_background&quot;:&quot;classic&quot;,&quot;background_motion_fx_translateY_effect&quot;:&quot;yes&quot;,&quot;background_motion_fx_motion_fx_scrolling&quot;:&quot;yes&quot;,&quot;background_motion_fx_translateY_speed&quot;:{&quot;unit&quot;:&quot;px&quot;,&quot;size&quot;:4,&quot;sizes&quot;:[]},&quot;background_motion_fx_translateY_affectedRange&quot;:{&quot;unit&quot;:&quot;%&quot;,&quot;size&quot;:&quot;&quot;,&quot;sizes&quot;:{&quot;start&quot;:0,&quot;end&quot;:100}},&quot;background_motion_fx_devices&quot;:[&quot;desktop&quot;,&quot;tablet_extra&quot;,&quot;tablet&quot;,&quot;mobile&quot;]}\">\n\t\t\t\t<\/div>\n\t\t<div class=\"elementor-element elementor-element-e80720e e-con-full e-flex e-con e-child\" data-id=\"e80720e\" data-element_type=\"container\" data-e-type=\"container\">\n\t\t<div class=\"elementor-element elementor-element-fc18b25 e-con-full e-flex e-con e-child\" data-id=\"fc18b25\" data-element_type=\"container\" data-e-type=\"container\" data-settings=\"{&quot;sticky&quot;:&quot;top&quot;,&quot;sticky_offset&quot;:110,&quot;sticky_parent&quot;:&quot;yes&quot;,&quot;sticky_on&quot;:[&quot;desktop&quot;,&quot;tablet_extra&quot;,&quot;tablet&quot;,&quot;mobile&quot;],&quot;sticky_effects_offset&quot;:0,&quot;sticky_anchor_link_offset&quot;:0}\">\n\t\t\t\t<div class=\"elementor-element elementor-element-e9b213f elementor-widget__width-initial elementor-widget elementor-widget-heading\" data-id=\"e9b213f\" data-element_type=\"widget\" data-e-type=\"widget\" data-widget_type=\"heading.default\">\n\t\t\t\t\t<h2 class=\"elementor-heading-title elementor-size-default\">Dise\u00f1o de viajes<\/h2>\t\t\t\t<\/div>\n\t\t\t\t<div class=\"elementor-element elementor-element-1efd9de elementor-widget__width-initial elementor-widget elementor-widget-heading\" data-id=\"1efd9de\" data-element_type=\"widget\" data-e-type=\"widget\" data-widget_type=\"heading.default\">\n\t\t\t\t\t<h3 class=\"elementor-heading-title elementor-size-default\">De tu sue\u00f1o a un itinerario perfecto<\/h3>\t\t\t\t<\/div>\n\t\t\t\t<div class=\"elementor-element elementor-element-036d2eb elementor-widget-divider--view-line elementor-widget elementor-widget-divider\" data-id=\"036d2eb\" data-element_type=\"widget\" data-e-type=\"widget\" data-widget_type=\"divider.default\">\n\t\t\t\t\t\t\t<div class=\"elementor-divider\">\n\t\t\t<span class=\"elementor-divider-separator\">\n\t\t\t\t\t\t<\/span>\n\t\t<\/div>\n\t\t\t\t\t\t<\/div>\n\t\t\t\t<div class=\"elementor-element elementor-element-6acf4b1 elementor-widget__width-inherit elementor-widget elementor-widget-text-editor\" data-id=\"6acf4b1\" data-element_type=\"widget\" data-e-type=\"widget\" data-widget_type=\"text-editor.default\">\n\t\t\t\t\t\t\t\t\t<p>Nuestros dedicados Dise\u00f1adores de Viajes se especializan en crear una experiencia verdaderamente a medida, dise\u00f1ada exclusivamente para ti.<\/p><p>Combinamos meticulosamente tus deseos con nuestra profunda experiencia local para crear un itinerario artesanal y sin contratiempos, garantizando que tu viaje sea una experiencia personal de descubrimiento.<\/p>\t\t\t\t\t\t\t\t<\/div>\n\t\t\t\t<\/div>\n\t\t\t\t<\/div>\n\t\t\t\t\t<\/div>\n\t\t\t\t<\/div>\n\t\t<div class=\"elementor-element elementor-element-5066195 e-flex e-con-boxed e-con e-parent\" data-id=\"5066195\" data-element_type=\"container\" data-e-type=\"container\">\n\t\t\t\t\t<div class=\"e-con-inner\">\n\t\t<div class=\"elementor-element elementor-element-758edef e-con-full e-flex e-con e-child\" data-id=\"758edef\" data-element_type=\"container\" data-e-type=\"container\" data-settings=\"{&quot;background_background&quot;:&quot;classic&quot;}\">\n\t\t<div class=\"elementor-element elementor-element-b977a74 e-con-full e-flex e-con e-child\" data-id=\"b977a74\" data-element_type=\"container\" data-e-type=\"container\" data-settings=\"{&quot;sticky&quot;:&quot;top&quot;,&quot;sticky_offset&quot;:110,&quot;sticky_parent&quot;:&quot;yes&quot;,&quot;sticky_on&quot;:[&quot;desktop&quot;,&quot;tablet_extra&quot;,&quot;tablet&quot;,&quot;mobile&quot;],&quot;sticky_effects_offset&quot;:0,&quot;sticky_anchor_link_offset&quot;:0}\">\n\t\t\t\t<div class=\"elementor-element elementor-element-5adec2e elementor-widget__width-initial elementor-widget elementor-widget-heading\" data-id=\"5adec2e\" data-element_type=\"widget\" data-e-type=\"widget\" data-widget_type=\"heading.default\">\n\t\t\t\t\t<h2 class=\"elementor-heading-title elementor-size-default\">Nuestros Conductores<\/h2>\t\t\t\t<\/div>\n\t\t\t\t<div class=\"elementor-element elementor-element-4c9c743 elementor-widget__width-initial elementor-widget elementor-widget-heading\" data-id=\"4c9c743\" data-element_type=\"widget\" data-e-type=\"widget\" data-widget_type=\"heading.default\">\n\t\t\t\t\t<h3 class=\"elementor-heading-title elementor-size-default\">tu comodidad, nuestra prioridad<\/h3>\t\t\t\t<\/div>\n\t\t\t\t<div class=\"elementor-element elementor-element-254ba21 elementor-widget-divider--view-line elementor-widget elementor-widget-divider\" data-id=\"254ba21\" data-element_type=\"widget\" data-e-type=\"widget\" data-widget_type=\"divider.default\">\n\t\t\t\t\t\t\t<div class=\"elementor-divider\">\n\t\t\t<span class=\"elementor-divider-separator\">\n\t\t\t\t\t\t<\/span>\n\t\t<\/div>\n\t\t\t\t\t\t<\/div>\n\t\t\t\t<div class=\"elementor-element elementor-element-99e985b elementor-widget__width-inherit elementor-widget elementor-widget-text-editor\" data-id=\"99e985b\" data-element_type=\"widget\" data-e-type=\"widget\" data-widget_type=\"text-editor.default\">\n\t\t\t\t\t\t\t\t\t<p>Nuestros conductores son los guardianes de tu comodidad. Puntuales, profesionales y excepcionalmente discretos, son seleccionados cuidadosamente por su conocimiento local y su compromiso con un servicio impecable.<\/p><p>Podr\u00e1s sumergirte por completo en la belleza del paisaje, con la tranquilidad de saber que est\u00e1s en manos seguras y expertas.<\/p>\t\t\t\t\t\t\t\t<\/div>\n\t\t\t\t<\/div>\n\t\t\t\t<\/div>\n\t\t<div class=\"elementor-element elementor-element-5d68d91 e-con-full e-flex e-con e-child\" data-id=\"5d68d91\" data-element_type=\"container\" data-e-type=\"container\" data-settings=\"{&quot;background_background&quot;:&quot;classic&quot;,&quot;background_motion_fx_motion_fx_scrolling&quot;:&quot;yes&quot;,&quot;background_motion_fx_translateY_effect&quot;:&quot;yes&quot;,&quot;background_motion_fx_translateY_direction&quot;:&quot;negative&quot;,&quot;background_motion_fx_translateY_speed&quot;:{&quot;unit&quot;:&quot;px&quot;,&quot;size&quot;:4,&quot;sizes&quot;:[]},&quot;background_motion_fx_translateY_affectedRange&quot;:{&quot;unit&quot;:&quot;%&quot;,&quot;size&quot;:&quot;&quot;,&quot;sizes&quot;:{&quot;start&quot;:0,&quot;end&quot;:100}},&quot;background_motion_fx_devices&quot;:[&quot;desktop&quot;,&quot;tablet_extra&quot;,&quot;tablet&quot;,&quot;mobile&quot;]}\">\n\t\t\t\t<\/div>\n\t\t\t\t\t<\/div>\n\t\t\t\t<\/div>\n\t\t<div class=\"elementor-element elementor-element-143e7c3 e-flex e-con-boxed e-con e-parent\" data-id=\"143e7c3\" data-element_type=\"container\" data-e-type=\"container\">\n\t\t\t\t\t<div class=\"e-con-inner\">\n\t\t<div class=\"elementor-element elementor-element-ea726d1 e-con-full e-flex e-con e-child\" data-id=\"ea726d1\" data-element_type=\"container\" data-e-type=\"container\" data-settings=\"{&quot;background_background&quot;:&quot;classic&quot;,&quot;background_motion_fx_motion_fx_scrolling&quot;:&quot;yes&quot;,&quot;background_motion_fx_translateY_effect&quot;:&quot;yes&quot;,&quot;background_motion_fx_translateY_speed&quot;:{&quot;unit&quot;:&quot;px&quot;,&quot;size&quot;:4,&quot;sizes&quot;:[]},&quot;background_motion_fx_translateY_affectedRange&quot;:{&quot;unit&quot;:&quot;%&quot;,&quot;size&quot;:&quot;&quot;,&quot;sizes&quot;:{&quot;start&quot;:0,&quot;end&quot;:100}},&quot;background_motion_fx_devices&quot;:[&quot;desktop&quot;,&quot;tablet_extra&quot;,&quot;tablet&quot;,&quot;mobile&quot;]}\">\n\t\t\t\t<\/div>\n\t\t<div class=\"elementor-element elementor-element-df2cda4 e-con-full e-flex e-con e-child\" data-id=\"df2cda4\" data-element_type=\"container\" data-e-type=\"container\">\n\t\t<div class=\"elementor-element elementor-element-a8ab9e4 e-con-full e-flex e-con e-child\" data-id=\"a8ab9e4\" data-element_type=\"container\" data-e-type=\"container\" data-settings=\"{&quot;sticky&quot;:&quot;top&quot;,&quot;sticky_offset&quot;:110,&quot;sticky_parent&quot;:&quot;yes&quot;,&quot;sticky_on&quot;:[&quot;desktop&quot;,&quot;tablet_extra&quot;,&quot;tablet&quot;,&quot;mobile&quot;],&quot;sticky_effects_offset&quot;:0,&quot;sticky_anchor_link_offset&quot;:0}\">\n\t\t\t\t<div class=\"elementor-element elementor-element-60117ca elementor-widget__width-initial elementor-widget elementor-widget-heading\" data-id=\"60117ca\" data-element_type=\"widget\" data-e-type=\"widget\" data-widget_type=\"heading.default\">\n\t\t\t\t\t<h2 class=\"elementor-heading-title elementor-size-default\">Equipo de Cocina<\/h2>\t\t\t\t<\/div>\n\t\t\t\t<div class=\"elementor-element elementor-element-991ca84 elementor-widget__width-initial elementor-widget elementor-widget-heading\" data-id=\"991ca84\" data-element_type=\"widget\" data-e-type=\"widget\" data-widget_type=\"heading.default\">\n\t\t\t\t\t<h3 class=\"elementor-heading-title elementor-size-default\">los sabores aut\u00e9nticos de la Toscana<\/h3>\t\t\t\t<\/div>\n\t\t\t\t<div class=\"elementor-element elementor-element-b064ec9 elementor-widget-divider--view-line elementor-widget elementor-widget-divider\" data-id=\"b064ec9\" data-element_type=\"widget\" data-e-type=\"widget\" data-widget_type=\"divider.default\">\n\t\t\t\t\t\t\t<div class=\"elementor-divider\">\n\t\t\t<span class=\"elementor-divider-separator\">\n\t\t\t\t\t\t<\/span>\n\t\t<\/div>\n\t\t\t\t\t\t<\/div>\n\t\t\t\t<div class=\"elementor-element elementor-element-e81f0b8 elementor-widget__width-inherit elementor-widget elementor-widget-text-editor\" data-id=\"e81f0b8\" data-element_type=\"widget\" data-e-type=\"widget\" data-widget_type=\"text-editor.default\">\n\t\t\t\t\t\t\t\t\t<p>Nuestro Equipo Culinario lleva el alma de la cocina toscana directamente a ti. Formado por chefs apasionados y nonnas locales, han perfeccionado aut\u00e9nticas recetas familiares durante generaciones.<\/p><p>Desde clases de cocina pr\u00e1cticas hasta cenas privadas, ofrecemos una experiencia culinaria inigualable, dise\u00f1ada para conectarte con los ricos sabores que definen nuestra cultura.<\/p>\t\t\t\t\t\t\t\t<\/div>\n\t\t\t\t<\/div>\n\t\t\t\t<\/div>\n\t\t\t\t\t<\/div>\n\t\t\t\t<\/div>\n\t\t\t\t<\/div>\n\t\t","protected":false},"excerpt":{"rendered":"<p>El alma aut\u00e9ntica de la Toscana Bienvenido al mundo de Tours of Tuscany, donde creemos que los viajes m\u00e1s significativos se basan en la conexi\u00f3n personal y en el descubrimiento aut\u00e9ntico. Estamos aqu\u00ed para transformar tus vacaciones en una historia personal, cuidadosamente dise\u00f1ada para reflejar el alma aut\u00e9ntica de nuestra querida regi\u00f3n. Este es nuestro [&hellip;]<\/p>\n","protected":false},"author":3,"featured_media":0,"parent":0,"menu_order":0,"comment_status":"closed","ping_status":"closed","template":"elementor_header_footer","meta":{"_acf_changed":false,"footnotes":""},"class_list":["post-6931","page","type-page","status-publish","hentry"],"acf":[],"yoast_head":"<!-- This site is optimized with the Yoast SEO plugin v27.0 - https:\/\/yoast.com\/product\/yoast-seo-wordpress\/ -->\n<title>Tours of Tuscany: Nuestra Historia y Filosof\u00eda<\/title>\n<meta name=\"description\" content=\"Descubre la pasi\u00f3n que hay detr\u00e1s de Tours of Tuscany. Somos una empresa familiar que dise\u00f1a tours aut\u00e9nticos, personalizados y experiencias inolvidables en el coraz\u00f3n de nuestra querida regi\u00f3n.\" \/>\n<meta name=\"robots\" content=\"index, follow, max-snippet:-1, max-image-preview:large, max-video-preview:-1\" \/>\n<link rel=\"canonical\" href=\"https:\/\/toursoftuscany.it\/es\/sobre-nosotras\/\" \/>\n<meta property=\"og:locale\" content=\"es_ES\" \/>\n<meta property=\"og:type\" content=\"article\" \/>\n<meta property=\"og:title\" content=\"Tours of Tuscany: Nuestra Historia y Filosof\u00eda\" \/>\n<meta property=\"og:description\" content=\"Descubre la pasi\u00f3n que hay detr\u00e1s de Tours of Tuscany. Somos una empresa familiar que dise\u00f1a tours aut\u00e9nticos, personalizados y experiencias inolvidables en el coraz\u00f3n de nuestra querida regi\u00f3n.\" \/>\n<meta property=\"og:url\" content=\"https:\/\/toursoftuscany.it\/es\/sobre-nosotras\/\" \/>\n<meta property=\"og:site_name\" content=\"Tours of Tuscany\" \/>\n<meta property=\"article:modified_time\" content=\"2026-02-23T13:52:01+00:00\" \/>\n<meta name=\"twitter:card\" content=\"summary_large_image\" \/>\n<meta name=\"twitter:label1\" content=\"Tiempo de lectura\" \/>\n\t<meta name=\"twitter:data1\" content=\"2 minutos\" \/>\n<script type=\"application\/ld+json\" class=\"yoast-schema-graph\">{\"@context\":\"https:\/\/schema.org\",\"@graph\":[{\"@type\":\"WebPage\",\"@id\":\"https:\/\/toursoftuscany.it\/es\/sobre-nosotras\/\",\"url\":\"https:\/\/toursoftuscany.it\/es\/sobre-nosotras\/\",\"name\":\"Tours of Tuscany: Nuestra Historia y Filosof\u00eda\",\"isPartOf\":{\"@id\":\"https:\/\/toursoftuscany.it\/es\/#website\"},\"datePublished\":\"2025-09-09T06:57:26+00:00\",\"dateModified\":\"2026-02-23T13:52:01+00:00\",\"description\":\"Descubre la pasi\u00f3n que hay detr\u00e1s de Tours of Tuscany. Somos una empresa familiar que dise\u00f1a tours aut\u00e9nticos, personalizados y experiencias inolvidables en el coraz\u00f3n de nuestra querida regi\u00f3n.\",\"inLanguage\":\"es\",\"potentialAction\":[{\"@type\":\"ReadAction\",\"target\":[\"https:\/\/toursoftuscany.it\/es\/sobre-nosotras\/\"]}]},{\"@type\":\"WebSite\",\"@id\":\"https:\/\/toursoftuscany.it\/es\/#website\",\"url\":\"https:\/\/toursoftuscany.it\/es\/\",\"name\":\"Tours of Tuscany\",\"description\":\"\",\"publisher\":{\"@id\":\"https:\/\/toursoftuscany.it\/es\/#organization\"},\"potentialAction\":[{\"@type\":\"SearchAction\",\"target\":{\"@type\":\"EntryPoint\",\"urlTemplate\":\"https:\/\/toursoftuscany.it\/es\/?s={search_term_string}\"},\"query-input\":{\"@type\":\"PropertyValueSpecification\",\"valueRequired\":true,\"valueName\":\"search_term_string\"}}],\"inLanguage\":\"es\"},{\"@type\":\"Organization\",\"@id\":\"https:\/\/toursoftuscany.it\/es\/#organization\",\"name\":\"Tours of Tuscany\",\"url\":\"https:\/\/toursoftuscany.it\/es\/\",\"logo\":{\"@type\":\"ImageObject\",\"inLanguage\":\"es\",\"@id\":\"https:\/\/toursoftuscany.it\/es\/#\/schema\/logo\/image\/\",\"url\":\"https:\/\/toursoftuscany.it\/wp-content\/uploads\/2025\/08\/cropped-favicon.png\",\"contentUrl\":\"https:\/\/toursoftuscany.it\/wp-content\/uploads\/2025\/08\/cropped-favicon.png\",\"width\":512,\"height\":512,\"caption\":\"Tours of Tuscany\"},\"image\":{\"@id\":\"https:\/\/toursoftuscany.it\/es\/#\/schema\/logo\/image\/\"}}]}<\/script>\n<!-- \/ Yoast SEO plugin. -->","yoast_head_json":{"title":"Tours of Tuscany: Nuestra Historia y Filosof\u00eda","description":"Descubre la pasi\u00f3n que hay detr\u00e1s de Tours of Tuscany. Somos una empresa familiar que dise\u00f1a tours aut\u00e9nticos, personalizados y experiencias inolvidables en el coraz\u00f3n de nuestra querida regi\u00f3n.","robots":{"index":"index","follow":"follow","max-snippet":"max-snippet:-1","max-image-preview":"max-image-preview:large","max-video-preview":"max-video-preview:-1"},"canonical":"https:\/\/toursoftuscany.it\/es\/sobre-nosotras\/","og_locale":"es_ES","og_type":"article","og_title":"Tours of Tuscany: Nuestra Historia y Filosof\u00eda","og_description":"Descubre la pasi\u00f3n que hay detr\u00e1s de Tours of Tuscany. Somos una empresa familiar que dise\u00f1a tours aut\u00e9nticos, personalizados y experiencias inolvidables en el coraz\u00f3n de nuestra querida regi\u00f3n.","og_url":"https:\/\/toursoftuscany.it\/es\/sobre-nosotras\/","og_site_name":"Tours of Tuscany","article_modified_time":"2026-02-23T13:52:01+00:00","twitter_card":"summary_large_image","twitter_misc":{"Tiempo de lectura":"2 minutos"},"schema":{"@context":"https:\/\/schema.org","@graph":[{"@type":"WebPage","@id":"https:\/\/toursoftuscany.it\/es\/sobre-nosotras\/","url":"https:\/\/toursoftuscany.it\/es\/sobre-nosotras\/","name":"Tours of Tuscany: Nuestra Historia y Filosof\u00eda","isPartOf":{"@id":"https:\/\/toursoftuscany.it\/es\/#website"},"datePublished":"2025-09-09T06:57:26+00:00","dateModified":"2026-02-23T13:52:01+00:00","description":"Descubre la pasi\u00f3n que hay detr\u00e1s de Tours of Tuscany. Somos una empresa familiar que dise\u00f1a tours aut\u00e9nticos, personalizados y experiencias inolvidables en el coraz\u00f3n de nuestra querida regi\u00f3n.","inLanguage":"es","potentialAction":[{"@type":"ReadAction","target":["https:\/\/toursoftuscany.it\/es\/sobre-nosotras\/"]}]},{"@type":"WebSite","@id":"https:\/\/toursoftuscany.it\/es\/#website","url":"https:\/\/toursoftuscany.it\/es\/","name":"Tours of Tuscany","description":"","publisher":{"@id":"https:\/\/toursoftuscany.it\/es\/#organization"},"potentialAction":[{"@type":"SearchAction","target":{"@type":"EntryPoint","urlTemplate":"https:\/\/toursoftuscany.it\/es\/?s={search_term_string}"},"query-input":{"@type":"PropertyValueSpecification","valueRequired":true,"valueName":"search_term_string"}}],"inLanguage":"es"},{"@type":"Organization","@id":"https:\/\/toursoftuscany.it\/es\/#organization","name":"Tours of Tuscany","url":"https:\/\/toursoftuscany.it\/es\/","logo":{"@type":"ImageObject","inLanguage":"es","@id":"https:\/\/toursoftuscany.it\/es\/#\/schema\/logo\/image\/","url":"https:\/\/toursoftuscany.it\/wp-content\/uploads\/2025\/08\/cropped-favicon.png","contentUrl":"https:\/\/toursoftuscany.it\/wp-content\/uploads\/2025\/08\/cropped-favicon.png","width":512,"height":512,"caption":"Tours of Tuscany"},"image":{"@id":"https:\/\/toursoftuscany.it\/es\/#\/schema\/logo\/image\/"}}]}},"_links":{"self":[{"href":"https:\/\/toursoftuscany.it\/es\/wp-json\/wp\/v2\/pages\/6931","targetHints":{"allow":["GET"]}}],"collection":[{"href":"https:\/\/toursoftuscany.it\/es\/wp-json\/wp\/v2\/pages"}],"about":[{"href":"https:\/\/toursoftuscany.it\/es\/wp-json\/wp\/v2\/types\/page"}],"author":[{"embeddable":true,"href":"https:\/\/toursoftuscany.it\/es\/wp-json\/wp\/v2\/users\/3"}],"replies":[{"embeddable":true,"href":"https:\/\/toursoftuscany.it\/es\/wp-json\/wp\/v2\/comments?post=6931"}],"version-history":[{"count":4,"href":"https:\/\/toursoftuscany.it\/es\/wp-json\/wp\/v2\/pages\/6931\/revisions"}],"predecessor-version":[{"id":10506,"href":"https:\/\/toursoftuscany.it\/es\/wp-json\/wp\/v2\/pages\/6931\/revisions\/10506"}],"wp:attachment":[{"href":"https:\/\/toursoftuscany.it\/es\/wp-json\/wp\/v2\/media?parent=6931"}],"curies":[{"name":"wp","href":"https:\/\/api.w.org\/{rel}","templated":true}]}}