{"id":7114,"date":"2025-09-26T09:33:32","date_gmt":"2025-09-26T09:33:32","guid":{"rendered":"https:\/\/toursoftuscany.it\/terminos-y-condiciones\/"},"modified":"2025-11-05T14:40:05","modified_gmt":"2025-11-05T14:40:05","slug":"terminos-y-condiciones","status":"publish","type":"page","link":"https:\/\/toursoftuscany.it\/es\/terminos-y-condiciones\/","title":{"rendered":"T\u00e9rminos y condiciones"},"content":{"rendered":"\t\t<div data-elementor-type=\"wp-page\" data-elementor-id=\"7114\" class=\"elementor elementor-7114 elementor-4703\" data-elementor-post-type=\"page\">\n\t\t\t\t<div class=\"elementor-element elementor-element-4d740a9 e-con-full e-flex e-con e-parent\" data-id=\"4d740a9\" data-element_type=\"container\" data-e-type=\"container\" data-settings=\"{&quot;background_background&quot;:&quot;classic&quot;}\">\n\t\t<div class=\"elementor-element elementor-element-80732b8 e-con-full e-flex e-con e-child\" data-id=\"80732b8\" data-element_type=\"container\" data-e-type=\"container\" data-settings=\"{&quot;background_background&quot;:&quot;classic&quot;}\">\n\t\t\t\t<div class=\"elementor-element elementor-element-2fa4896 elementor-widget__width-initial elementor-widget elementor-widget-heading\" data-id=\"2fa4896\" data-element_type=\"widget\" data-e-type=\"widget\" data-widget_type=\"heading.default\">\n\t\t\t\t\t<p class=\"elementor-heading-title elementor-size-default\">T\u00e9rminos y condiciones<\/p>\t\t\t\t<\/div>\n\t\t\t\t<div class=\"elementor-element elementor-element-dd3a31f elementor-widget-divider--view-line elementor-widget elementor-widget-divider\" data-id=\"dd3a31f\" data-element_type=\"widget\" data-e-type=\"widget\" data-widget_type=\"divider.default\">\n\t\t\t\t\t\t\t<div class=\"elementor-divider\">\n\t\t\t<span class=\"elementor-divider-separator\">\n\t\t\t\t\t\t<\/span>\n\t\t<\/div>\n\t\t\t\t\t\t<\/div>\n\t\t\t\t<div class=\"elementor-element elementor-element-420f899 elementor-widget__width-initial elementor-widget elementor-widget-heading\" data-id=\"420f899\" data-element_type=\"widget\" data-e-type=\"widget\" data-widget_type=\"heading.default\">\n\t\t\t\t\t<h3 class=\"elementor-heading-title elementor-size-default\">Claridad y confianza para tu viaje.<\/h3>\t\t\t\t<\/div>\n\t\t\t\t<\/div>\n\t\t\t\t<\/div>\n\t\t<div class=\"elementor-element elementor-element-81672e0 e-flex e-con-boxed e-con e-parent\" data-id=\"81672e0\" data-element_type=\"container\" data-e-type=\"container\" data-settings=\"{&quot;background_background&quot;:&quot;classic&quot;}\">\n\t\t\t\t\t<div class=\"e-con-inner\">\n\t\t<div class=\"elementor-element elementor-element-2ed1e19 e-con-full e-flex e-con e-child\" data-id=\"2ed1e19\" data-element_type=\"container\" data-e-type=\"container\" data-settings=\"{&quot;background_background&quot;:&quot;classic&quot;}\">\n\t\t\t\t<div class=\"elementor-element elementor-element-e433efe elementor-widget__width-initial elementor-widget elementor-widget-heading\" data-id=\"e433efe\" data-element_type=\"widget\" data-e-type=\"widget\" data-widget_type=\"heading.default\">\n\t\t\t\t\t<p class=\"elementor-heading-title elementor-size-default\">Pol\u00edtica de cancelaci\u00f3n<\/p>\t\t\t\t<\/div>\n\t\t\t\t<div class=\"elementor-element elementor-element-ebf7cfd elementor-widget-divider--view-line elementor-widget elementor-widget-divider\" data-id=\"ebf7cfd\" data-element_type=\"widget\" data-e-type=\"widget\" data-widget_type=\"divider.default\">\n\t\t\t\t\t\t\t<div class=\"elementor-divider\">\n\t\t\t<span class=\"elementor-divider-separator\">\n\t\t\t\t\t\t<\/span>\n\t\t<\/div>\n\t\t\t\t\t\t<\/div>\n\t\t\t\t<div class=\"elementor-element elementor-element-06310ba toft_list_deco elementor-widget elementor-widget-text-editor\" data-id=\"06310ba\" data-element_type=\"widget\" data-e-type=\"widget\" data-widget_type=\"text-editor.default\">\n\t\t\t\t\t\t\t\t\t<p>Forzoni Tours aplica las siguientes condiciones de cancelaci\u00f3n:<\/p>\n<ul>\n<li><b>Las cancelaciones realizadas 8 d\u00edas o m\u00e1s<\/b> antes de la fecha programada para el viaje recibir\u00e1n un <b>reembolso completo<\/b>.<\/li>\n<li><b>Las cancelaciones efectuadas entre 7 d\u00edas y 48 horas<\/b> antes del inicio del viaje programado estar\u00e1n sujetas a una <b>penalizaci\u00f3n del 50%<\/b>.<\/li>\n<li><b>Las cancelaciones que se produzcan en las 48 horas<\/b> anteriores a la hora programada para el viaje o <b>el hecho de no presentarse<\/b> estar\u00e1n sujetos a una <b>penalizaci\u00f3n del 100%<\/b>.<\/li>\n<li><b>Entradas no reembolsables y eventos especiales:<\/b> Si el recorrido incluye <b>entradas a museos o acceso a eventos especiales<\/b>, estos costes <b>no son reembolsables<\/b>.<\/li>\n<li><b>Servicios de terceros (por ejemplo, autobuses, yates, helic\u00f3pteros, b\u00fasqueda de trufas, etc.)<\/b>:\n<ul>\n<li>Si el viaje incluye servicios de proveedores externos, la pol\u00edtica de reembolso \u00edntegro <b>s\u00f3lo<\/b> se aplica <b>a las cancelaciones realizadas con al menos 30 d\u00edas de antelaci\u00f3n<\/b>.<\/li>\n<\/ul>\n<\/li>\n<\/ul>\t\t\t\t\t\t\t\t<\/div>\n\t\t\t\t<div class=\"elementor-element elementor-element-0fc6385 elementor-widget__width-initial elementor-widget elementor-widget-heading\" data-id=\"0fc6385\" data-element_type=\"widget\" data-e-type=\"widget\" data-widget_type=\"heading.default\">\n\t\t\t\t\t<p class=\"elementor-heading-title elementor-size-default\">excursiones en barco y aventuras al aire libre<\/p>\t\t\t\t<\/div>\n\t\t\t\t<div class=\"elementor-element elementor-element-70bc3fe toft_list_deco elementor-widget elementor-widget-text-editor\" data-id=\"70bc3fe\" data-element_type=\"widget\" data-e-type=\"widget\" data-widget_type=\"text-editor.default\">\n\t\t\t\t\t\t\t\t\t<p><strong>Condiciones meteorol\u00f3gicas y del mar:<\/strong><br>En caso de condiciones meteorol\u00f3gicas o del mar adversas que impidan la navegaci\u00f3n (por ejemplo, mar agitado o tormentas el\u00e9ctricas previstas para todo el d\u00eda o la mayor parte de \u00e9l), se cancelar\u00e1 la excursi\u00f3n y se reembolsar\u00e1 el importe \u00edntegro. Alternativamente, la excursi\u00f3n podr\u00e1 reprogramarse para el d\u00eda siguiente o para la siguiente fecha disponible, en funci\u00f3n de la disponibilidad tanto del cliente como del proveedor. <\/p><p><strong>Cancelaciones del cliente:<\/strong><br>Las cancelaciones realizadas con menos de 30 d\u00edas de antelaci\u00f3n a la fecha del viaje no son reembolsables, ni siquiera en caso de cambio de planes o por motivos personales.<\/p><p><strong>Actividades al aire libre, Excursi\u00f3n en Vespa, Bicicleta, Caza de Trufas:<\/strong><br>En caso de lluvia intensa o problemas de seguridad, la excursi\u00f3n se reprogramar\u00e1 o cancelar\u00e1 y se reembolsar\u00e1 \u00edntegramente. En caso de tiempo nublado o lluvia ligera, se proporcionar\u00e1n chubasqueros y la actividad se realizar\u00e1 seg\u00fan lo previsto. <\/p>\t\t\t\t\t\t\t\t<\/div>\n\t\t\t\t<div class=\"elementor-element elementor-element-b7c741d elementor-widget__width-initial elementor-widget elementor-widget-heading\" data-id=\"b7c741d\" data-element_type=\"widget\" data-e-type=\"widget\" data-widget_type=\"heading.default\">\n\t\t\t\t\t<p class=\"elementor-heading-title elementor-size-default\">Pol\u00edtica de cancelaci\u00f3n<\/p>\t\t\t\t<\/div>\n\t\t\t\t<div class=\"elementor-element elementor-element-6b95507 elementor-widget-divider--view-line elementor-widget elementor-widget-divider\" data-id=\"6b95507\" data-element_type=\"widget\" data-e-type=\"widget\" data-widget_type=\"divider.default\">\n\t\t\t\t\t\t\t<div class=\"elementor-divider\">\n\t\t\t<span class=\"elementor-divider-separator\">\n\t\t\t\t\t\t<\/span>\n\t\t<\/div>\n\t\t\t\t\t\t<\/div>\n\t\t\t\t<div class=\"elementor-element elementor-element-dc33a35 toft_list_deco elementor-widget elementor-widget-text-editor\" data-id=\"dc33a35\" data-element_type=\"widget\" data-e-type=\"widget\" data-widget_type=\"text-editor.default\">\n\t\t\t\t\t\t\t\t\t<ul><li><strong>Precios basados en el tama\u00f1o del grupo:<\/strong> Todos los presupuestos y ofertas se calculan en funci\u00f3n del n\u00famero de participantes en el momento de la consulta. Si el tama\u00f1o del grupo cambia, el precio total se ajustar\u00e1 en consecuencia. <\/li><li><strong>Precios de hoteles y alojamientos:<\/strong> Las tarifas de hotel se basan en la disponibilidad y los precios en el momento de la consulta. Como la mayor\u00eda de los hoteles utilizan precios din\u00e1micos, la tarifa final confirmada puede variar ligeramente respecto al presupuesto inicial. <\/li><\/ul>\t\t\t\t\t\t\t\t<\/div>\n\t\t\t\t<div class=\"elementor-element elementor-element-7ddd0d7 elementor-widget__width-initial elementor-widget elementor-widget-heading\" data-id=\"7ddd0d7\" data-element_type=\"widget\" data-e-type=\"widget\" data-widget_type=\"heading.default\">\n\t\t\t\t\t<p class=\"elementor-heading-title elementor-size-default\">Pol\u00edtica de cancelaci\u00f3n para grupos (m\u00e1s de 12 participantes) y proveedores externos<\/p>\t\t\t\t<\/div>\n\t\t\t\t<div class=\"elementor-element elementor-element-149451e elementor-widget-divider--view-line elementor-widget elementor-widget-divider\" data-id=\"149451e\" data-element_type=\"widget\" data-e-type=\"widget\" data-widget_type=\"divider.default\">\n\t\t\t\t\t\t\t<div class=\"elementor-divider\">\n\t\t\t<span class=\"elementor-divider-separator\">\n\t\t\t\t\t\t<\/span>\n\t\t<\/div>\n\t\t\t\t\t\t<\/div>\n\t\t\t\t<div class=\"elementor-element elementor-element-07213a9 toft_list_deco elementor-widget elementor-widget-text-editor\" data-id=\"07213a9\" data-element_type=\"widget\" data-e-type=\"widget\" data-widget_type=\"text-editor.default\">\n\t\t\t\t\t\t\t\t\t<p>Para grupos de m\u00e1s de <b>12 participantes<\/b>, o cuando intervengan proveedores externos (por ejemplo, autob\u00fas, yate, Ferrari, globo aerost\u00e1tico), se aplica la siguiente pol\u00edtica:<\/p><ul><li><strong>Tras la confirmaci\u00f3n:<\/strong> Se emitir\u00e1 una <strong>factura proforma<\/strong>, que requerir\u00e1 un <strong>dep\u00f3sito del 30%<\/strong>.<\/li><li><strong>Pago final:<\/strong> La factura debe abonarse <strong>en su<\/strong> totalidad <strong>al menos 30 d\u00edas antes de<\/strong> la llegada del grupo.<\/li><li><strong>Cancelaciones con m\u00e1s de 30 d\u00edas de antelaci\u00f3n<\/strong> al viaje programado: <strong>Reembolso \u00edntegro<\/strong>.<\/li><li><strong>Cancelaciones entre 30 d\u00edas y 1 d\u00eda<\/strong> antes del viaje: <strong>Se aplica una penalizaci\u00f3n del 100%<\/strong>.<\/li><\/ul>\t\t\t\t\t\t\t\t<\/div>\n\t\t\t\t<div class=\"elementor-element elementor-element-af50777 elementor-widget__width-initial elementor-widget elementor-widget-heading\" data-id=\"af50777\" data-element_type=\"widget\" data-e-type=\"widget\" data-widget_type=\"heading.default\">\n\t\t\t\t\t<p class=\"elementor-heading-title elementor-size-default\">Reembolso de la comisi\u00f3n de la tarjeta de cr\u00e9dito<\/p>\t\t\t\t<\/div>\n\t\t\t\t<div class=\"elementor-element elementor-element-eab4510 elementor-widget-divider--view-line elementor-widget elementor-widget-divider\" data-id=\"eab4510\" data-element_type=\"widget\" data-e-type=\"widget\" data-widget_type=\"divider.default\">\n\t\t\t\t\t\t\t<div class=\"elementor-divider\">\n\t\t\t<span class=\"elementor-divider-separator\">\n\t\t\t\t\t\t<\/span>\n\t\t<\/div>\n\t\t\t\t\t\t<\/div>\n\t\t\t\t<div class=\"elementor-element elementor-element-8d35778 toft_list_deco elementor-widget elementor-widget-text-editor\" data-id=\"8d35778\" data-element_type=\"widget\" data-e-type=\"widget\" data-widget_type=\"text-editor.default\">\n\t\t\t\t\t\t\t\t\t<ul><li>En caso de reembolso al cliente, el importe reembolsado es el coste neto del viaje, sin incluir la comisi\u00f3n del 4% de la tarjeta de cr\u00e9dito.<\/li><\/ul><p>Para cualquier consulta o aclaraci\u00f3n sobre nuestros t\u00e9rminos y condiciones, no dudes en ponerte en contacto con Forzoni Tours.<\/p>\t\t\t\t\t\t\t\t<\/div>\n\t\t\t\t<\/div>\n\t\t\t\t\t<\/div>\n\t\t\t\t<\/div>\n\t\t\t\t<\/div>\n\t\t","protected":false},"excerpt":{"rendered":"<p>T\u00e9rminos y condiciones Claridad y confianza para tu viaje. Pol\u00edtica de cancelaci\u00f3n Forzoni Tours aplica las siguientes condiciones de cancelaci\u00f3n: Las cancelaciones realizadas 8 d\u00edas o m\u00e1s antes de la fecha programada para el viaje recibir\u00e1n un reembolso completo. Las cancelaciones efectuadas entre 7 d\u00edas y 48 horas antes del inicio del viaje programado estar\u00e1n [&hellip;]<\/p>\n","protected":false},"author":3,"featured_media":0,"parent":0,"menu_order":0,"comment_status":"closed","ping_status":"closed","template":"elementor_header_footer","meta":{"_acf_changed":false,"footnotes":""},"class_list":["post-7114","page","type-page","status-publish","hentry"],"acf":[],"yoast_head":"<!-- This site is optimized with the Yoast SEO plugin v27.0 - https:\/\/yoast.com\/product\/yoast-seo-wordpress\/ -->\n<title>T\u00e9rminos y condiciones | Tours of Tuscany<\/title>\n<meta name=\"description\" content=\"T\u00e9rminos y condiciones Claridad y confianza para tu viaje. Pol\u00edtica de cancelaci\u00f3n Forzoni Tours aplica las siguientes condiciones de cancelaci\u00f3n: Las\" \/>\n<meta name=\"robots\" content=\"noindex, follow\" \/>\n<meta property=\"og:locale\" content=\"es_ES\" \/>\n<meta property=\"og:type\" content=\"article\" \/>\n<meta property=\"og:title\" content=\"T\u00e9rminos y condiciones | Tours of Tuscany\" \/>\n<meta property=\"og:description\" content=\"T\u00e9rminos y condiciones Claridad y confianza para tu viaje. Pol\u00edtica de cancelaci\u00f3n Forzoni Tours aplica las siguientes condiciones de cancelaci\u00f3n: Las\" \/>\n<meta property=\"og:url\" content=\"https:\/\/toursoftuscany.it\/es\/terminos-y-condiciones\/\" \/>\n<meta property=\"og:site_name\" content=\"Tours of Tuscany\" \/>\n<meta property=\"article:modified_time\" content=\"2025-11-05T14:40:05+00:00\" \/>\n<meta name=\"twitter:card\" content=\"summary_large_image\" \/>\n<meta name=\"twitter:label1\" content=\"Tiempo de lectura\" \/>\n\t<meta name=\"twitter:data1\" content=\"3 minutos\" \/>\n<script type=\"application\/ld+json\" class=\"yoast-schema-graph\">{\"@context\":\"https:\/\/schema.org\",\"@graph\":[{\"@type\":\"WebPage\",\"@id\":\"https:\/\/toursoftuscany.it\/es\/terminos-y-condiciones\/\",\"url\":\"https:\/\/toursoftuscany.it\/es\/terminos-y-condiciones\/\",\"name\":\"T\u00e9rminos y condiciones | Tours of Tuscany\",\"isPartOf\":{\"@id\":\"https:\/\/toursoftuscany.it\/es\/#website\"},\"datePublished\":\"2025-09-26T09:33:32+00:00\",\"dateModified\":\"2025-11-05T14:40:05+00:00\",\"description\":\"T\u00e9rminos y condiciones Claridad y confianza para tu viaje. Pol\u00edtica de cancelaci\u00f3n Forzoni Tours aplica las siguientes condiciones de cancelaci\u00f3n: Las\",\"inLanguage\":\"es\",\"potentialAction\":[{\"@type\":\"ReadAction\",\"target\":[\"https:\/\/toursoftuscany.it\/es\/terminos-y-condiciones\/\"]}]},{\"@type\":\"WebSite\",\"@id\":\"https:\/\/toursoftuscany.it\/es\/#website\",\"url\":\"https:\/\/toursoftuscany.it\/es\/\",\"name\":\"Tours of Tuscany\",\"description\":\"\",\"publisher\":{\"@id\":\"https:\/\/toursoftuscany.it\/es\/#organization\"},\"potentialAction\":[{\"@type\":\"SearchAction\",\"target\":{\"@type\":\"EntryPoint\",\"urlTemplate\":\"https:\/\/toursoftuscany.it\/es\/?s={search_term_string}\"},\"query-input\":{\"@type\":\"PropertyValueSpecification\",\"valueRequired\":true,\"valueName\":\"search_term_string\"}}],\"inLanguage\":\"es\"},{\"@type\":\"Organization\",\"@id\":\"https:\/\/toursoftuscany.it\/es\/#organization\",\"name\":\"Tours of Tuscany\",\"url\":\"https:\/\/toursoftuscany.it\/es\/\",\"logo\":{\"@type\":\"ImageObject\",\"inLanguage\":\"es\",\"@id\":\"https:\/\/toursoftuscany.it\/es\/#\/schema\/logo\/image\/\",\"url\":\"https:\/\/toursoftuscany.it\/wp-content\/uploads\/2025\/08\/cropped-favicon.png\",\"contentUrl\":\"https:\/\/toursoftuscany.it\/wp-content\/uploads\/2025\/08\/cropped-favicon.png\",\"width\":512,\"height\":512,\"caption\":\"Tours of Tuscany\"},\"image\":{\"@id\":\"https:\/\/toursoftuscany.it\/es\/#\/schema\/logo\/image\/\"}}]}<\/script>\n<!-- \/ Yoast SEO plugin. -->","yoast_head_json":{"title":"T\u00e9rminos y condiciones | Tours of Tuscany","description":"T\u00e9rminos y condiciones Claridad y confianza para tu viaje. Pol\u00edtica de cancelaci\u00f3n Forzoni Tours aplica las siguientes condiciones de cancelaci\u00f3n: Las","robots":{"index":"noindex","follow":"follow"},"og_locale":"es_ES","og_type":"article","og_title":"T\u00e9rminos y condiciones | Tours of Tuscany","og_description":"T\u00e9rminos y condiciones Claridad y confianza para tu viaje. Pol\u00edtica de cancelaci\u00f3n Forzoni Tours aplica las siguientes condiciones de cancelaci\u00f3n: Las","og_url":"https:\/\/toursoftuscany.it\/es\/terminos-y-condiciones\/","og_site_name":"Tours of Tuscany","article_modified_time":"2025-11-05T14:40:05+00:00","twitter_card":"summary_large_image","twitter_misc":{"Tiempo de lectura":"3 minutos"},"schema":{"@context":"https:\/\/schema.org","@graph":[{"@type":"WebPage","@id":"https:\/\/toursoftuscany.it\/es\/terminos-y-condiciones\/","url":"https:\/\/toursoftuscany.it\/es\/terminos-y-condiciones\/","name":"T\u00e9rminos y condiciones | Tours of Tuscany","isPartOf":{"@id":"https:\/\/toursoftuscany.it\/es\/#website"},"datePublished":"2025-09-26T09:33:32+00:00","dateModified":"2025-11-05T14:40:05+00:00","description":"T\u00e9rminos y condiciones Claridad y confianza para tu viaje. Pol\u00edtica de cancelaci\u00f3n Forzoni Tours aplica las siguientes condiciones de cancelaci\u00f3n: Las","inLanguage":"es","potentialAction":[{"@type":"ReadAction","target":["https:\/\/toursoftuscany.it\/es\/terminos-y-condiciones\/"]}]},{"@type":"WebSite","@id":"https:\/\/toursoftuscany.it\/es\/#website","url":"https:\/\/toursoftuscany.it\/es\/","name":"Tours of Tuscany","description":"","publisher":{"@id":"https:\/\/toursoftuscany.it\/es\/#organization"},"potentialAction":[{"@type":"SearchAction","target":{"@type":"EntryPoint","urlTemplate":"https:\/\/toursoftuscany.it\/es\/?s={search_term_string}"},"query-input":{"@type":"PropertyValueSpecification","valueRequired":true,"valueName":"search_term_string"}}],"inLanguage":"es"},{"@type":"Organization","@id":"https:\/\/toursoftuscany.it\/es\/#organization","name":"Tours of Tuscany","url":"https:\/\/toursoftuscany.it\/es\/","logo":{"@type":"ImageObject","inLanguage":"es","@id":"https:\/\/toursoftuscany.it\/es\/#\/schema\/logo\/image\/","url":"https:\/\/toursoftuscany.it\/wp-content\/uploads\/2025\/08\/cropped-favicon.png","contentUrl":"https:\/\/toursoftuscany.it\/wp-content\/uploads\/2025\/08\/cropped-favicon.png","width":512,"height":512,"caption":"Tours of Tuscany"},"image":{"@id":"https:\/\/toursoftuscany.it\/es\/#\/schema\/logo\/image\/"}}]}},"_links":{"self":[{"href":"https:\/\/toursoftuscany.it\/es\/wp-json\/wp\/v2\/pages\/7114","targetHints":{"allow":["GET"]}}],"collection":[{"href":"https:\/\/toursoftuscany.it\/es\/wp-json\/wp\/v2\/pages"}],"about":[{"href":"https:\/\/toursoftuscany.it\/es\/wp-json\/wp\/v2\/types\/page"}],"author":[{"embeddable":true,"href":"https:\/\/toursoftuscany.it\/es\/wp-json\/wp\/v2\/users\/3"}],"replies":[{"embeddable":true,"href":"https:\/\/toursoftuscany.it\/es\/wp-json\/wp\/v2\/comments?post=7114"}],"version-history":[{"count":1,"href":"https:\/\/toursoftuscany.it\/es\/wp-json\/wp\/v2\/pages\/7114\/revisions"}],"predecessor-version":[{"id":7118,"href":"https:\/\/toursoftuscany.it\/es\/wp-json\/wp\/v2\/pages\/7114\/revisions\/7118"}],"wp:attachment":[{"href":"https:\/\/toursoftuscany.it\/es\/wp-json\/wp\/v2\/media?parent=7114"}],"curies":[{"name":"wp","href":"https:\/\/api.w.org\/{rel}","templated":true}]}}