{"id":8184,"date":"2025-09-09T06:57:26","date_gmt":"2025-09-09T06:57:26","guid":{"rendered":"https:\/\/toursoftuscany.it\/sobre-nos\/"},"modified":"2026-02-23T13:51:47","modified_gmt":"2026-02-23T13:51:47","slug":"sobre-nos","status":"publish","type":"page","link":"https:\/\/toursoftuscany.it\/pt-pt\/sobre-nos\/","title":{"rendered":"Sobre n\u00f3s"},"content":{"rendered":"\t\t<div data-elementor-type=\"wp-page\" data-elementor-id=\"8184\" class=\"elementor elementor-8184 elementor-1771\" data-elementor-post-type=\"page\">\n\t\t\t\t<div class=\"elementor-element elementor-element-4502476 e-flex e-con-boxed e-con e-parent\" data-id=\"4502476\" data-element_type=\"container\" data-e-type=\"container\">\n\t\t\t\t\t<div class=\"e-con-inner\">\n\t\t<div class=\"elementor-element elementor-element-a87e736 e-con-full e-flex e-con e-child\" data-id=\"a87e736\" data-element_type=\"container\" data-e-type=\"container\" data-settings=\"{&quot;background_background&quot;:&quot;classic&quot;}\">\n\t\t\t\t<\/div>\n\t\t<div class=\"elementor-element elementor-element-3c4e3b9 e-con-full e-flex e-con e-child\" data-id=\"3c4e3b9\" data-element_type=\"container\" data-e-type=\"container\" data-settings=\"{&quot;background_background&quot;:&quot;classic&quot;}\">\n\t\t\t\t<div class=\"elementor-element elementor-element-918ea04 elementor-widget__width-initial toft_title elementor-widget elementor-widget-heading\" data-id=\"918ea04\" data-element_type=\"widget\" data-e-type=\"widget\" data-widget_type=\"heading.default\">\n\t\t\t\t\t<p class=\"elementor-heading-title elementor-size-default\">a <span>alma<\/span> aut\u00eantica <span>da toscana<\/span><\/p>\t\t\t\t<\/div>\n\t\t\t\t<div class=\"elementor-element elementor-element-6b67f11 elementor-widget__width-inherit elementor-widget elementor-widget-text-editor\" data-id=\"6b67f11\" data-element_type=\"widget\" data-e-type=\"widget\" data-widget_type=\"text-editor.default\">\n\t\t\t\t\t\t\t\t\t<p>Bem-vindo ao mundo da <b>Tours of Tuscany<\/b>, onde acreditamos que as viagens mais significativas s\u00e3o constru\u00eddas com base em liga\u00e7\u00f5es pessoais e descobertas aut\u00eanticas.<\/p><p><strong>Estamos aqui para transformar as tuas f\u00e9rias numa hist\u00f3ria pessoal<\/strong>, cuidadosamente elaborada para refletir a alma genu\u00edna da nossa querida regi\u00e3o. Este \u00e9 o nosso compromisso para contigo. <\/p>\t\t\t\t\t\t\t\t<\/div>\n\t\t\t\t<\/div>\n\t\t\t\t\t<\/div>\n\t\t\t\t<\/div>\n\t\t<div class=\"elementor-element elementor-element-1a5b979 e-flex e-con-boxed e-con e-parent\" data-id=\"1a5b979\" data-element_type=\"container\" data-e-type=\"container\">\n\t\t\t\t\t<div class=\"e-con-inner\">\n\t\t<div class=\"elementor-element elementor-element-dbe493c e-con-full e-flex e-con e-child\" data-id=\"dbe493c\" data-element_type=\"container\" data-e-type=\"container\" data-settings=\"{&quot;background_background&quot;:&quot;classic&quot;,&quot;background_motion_fx_translateY_effect&quot;:&quot;yes&quot;,&quot;background_motion_fx_motion_fx_scrolling&quot;:&quot;yes&quot;,&quot;background_motion_fx_translateY_speed&quot;:{&quot;unit&quot;:&quot;px&quot;,&quot;size&quot;:4,&quot;sizes&quot;:[]},&quot;background_motion_fx_translateY_affectedRange&quot;:{&quot;unit&quot;:&quot;%&quot;,&quot;size&quot;:&quot;&quot;,&quot;sizes&quot;:{&quot;start&quot;:0,&quot;end&quot;:100}},&quot;background_motion_fx_devices&quot;:[&quot;desktop&quot;,&quot;tablet_extra&quot;,&quot;tablet&quot;,&quot;mobile&quot;]}\">\n\t\t\t\t<\/div>\n\t\t<div class=\"elementor-element elementor-element-e80720e e-con-full e-flex e-con e-child\" data-id=\"e80720e\" data-element_type=\"container\" data-e-type=\"container\">\n\t\t<div class=\"elementor-element elementor-element-fc18b25 e-con-full e-flex e-con e-child\" data-id=\"fc18b25\" data-element_type=\"container\" data-e-type=\"container\" data-settings=\"{&quot;sticky&quot;:&quot;top&quot;,&quot;sticky_offset&quot;:110,&quot;sticky_parent&quot;:&quot;yes&quot;,&quot;sticky_on&quot;:[&quot;desktop&quot;,&quot;tablet_extra&quot;,&quot;tablet&quot;,&quot;mobile&quot;],&quot;sticky_effects_offset&quot;:0,&quot;sticky_anchor_link_offset&quot;:0}\">\n\t\t\t\t<div class=\"elementor-element elementor-element-e9b213f elementor-widget__width-initial elementor-widget elementor-widget-heading\" data-id=\"e9b213f\" data-element_type=\"widget\" data-e-type=\"widget\" data-widget_type=\"heading.default\">\n\t\t\t\t\t<h2 class=\"elementor-heading-title elementor-size-default\">Design de viagens<\/h2>\t\t\t\t<\/div>\n\t\t\t\t<div class=\"elementor-element elementor-element-1efd9de elementor-widget__width-initial elementor-widget elementor-widget-heading\" data-id=\"1efd9de\" data-element_type=\"widget\" data-e-type=\"widget\" data-widget_type=\"heading.default\">\n\t\t\t\t\t<h3 class=\"elementor-heading-title elementor-size-default\">do teu sonho a um itiner\u00e1rio perfeito<\/h3>\t\t\t\t<\/div>\n\t\t\t\t<div class=\"elementor-element elementor-element-036d2eb elementor-widget-divider--view-line elementor-widget elementor-widget-divider\" data-id=\"036d2eb\" data-element_type=\"widget\" data-e-type=\"widget\" data-widget_type=\"divider.default\">\n\t\t\t\t\t\t\t<div class=\"elementor-divider\">\n\t\t\t<span class=\"elementor-divider-separator\">\n\t\t\t\t\t\t<\/span>\n\t\t<\/div>\n\t\t\t\t\t\t<\/div>\n\t\t\t\t<div class=\"elementor-element elementor-element-6acf4b1 elementor-widget__width-inherit elementor-widget elementor-widget-text-editor\" data-id=\"6acf4b1\" data-element_type=\"widget\" data-e-type=\"widget\" data-widget_type=\"text-editor.default\">\n\t\t\t\t\t\t\t\t\t<p><b>Os<\/b> nossos <b>Travel Designers<\/b> dedicados especializam-se na cria\u00e7\u00e3o de uma <b>experi\u00eancia verdadeiramente personalizada<\/b>, concebida exclusivamente para ti.<\/p><p>Combinamos meticulosamente os teus desejos com a nossa profunda experi\u00eancia local para criar um <b>itiner\u00e1rio perfeito, feito \u00e0 m\u00e3o<\/b>, assegurando que a tua viagem \u00e9 uma <b>viagem pessoal de descoberta<\/b>.<\/p>\t\t\t\t\t\t\t\t<\/div>\n\t\t\t\t<\/div>\n\t\t\t\t<\/div>\n\t\t\t\t\t<\/div>\n\t\t\t\t<\/div>\n\t\t<div class=\"elementor-element elementor-element-5066195 e-flex e-con-boxed e-con e-parent\" data-id=\"5066195\" data-element_type=\"container\" data-e-type=\"container\">\n\t\t\t\t\t<div class=\"e-con-inner\">\n\t\t<div class=\"elementor-element elementor-element-758edef e-con-full e-flex e-con e-child\" data-id=\"758edef\" data-element_type=\"container\" data-e-type=\"container\" data-settings=\"{&quot;background_background&quot;:&quot;classic&quot;}\">\n\t\t<div class=\"elementor-element elementor-element-b977a74 e-con-full e-flex e-con e-child\" data-id=\"b977a74\" data-element_type=\"container\" data-e-type=\"container\" data-settings=\"{&quot;sticky&quot;:&quot;top&quot;,&quot;sticky_offset&quot;:110,&quot;sticky_parent&quot;:&quot;yes&quot;,&quot;sticky_on&quot;:[&quot;desktop&quot;,&quot;tablet_extra&quot;,&quot;tablet&quot;,&quot;mobile&quot;],&quot;sticky_effects_offset&quot;:0,&quot;sticky_anchor_link_offset&quot;:0}\">\n\t\t\t\t<div class=\"elementor-element elementor-element-5adec2e elementor-widget__width-initial elementor-widget elementor-widget-heading\" data-id=\"5adec2e\" data-element_type=\"widget\" data-e-type=\"widget\" data-widget_type=\"heading.default\">\n\t\t\t\t\t<h2 class=\"elementor-heading-title elementor-size-default\">Os nossos condutores<\/h2>\t\t\t\t<\/div>\n\t\t\t\t<div class=\"elementor-element elementor-element-4c9c743 elementor-widget__width-initial elementor-widget elementor-widget-heading\" data-id=\"4c9c743\" data-element_type=\"widget\" data-e-type=\"widget\" data-widget_type=\"heading.default\">\n\t\t\t\t\t<h3 class=\"elementor-heading-title elementor-size-default\">o teu conforto, a nossa prioridade<\/h3>\t\t\t\t<\/div>\n\t\t\t\t<div class=\"elementor-element elementor-element-254ba21 elementor-widget-divider--view-line elementor-widget elementor-widget-divider\" data-id=\"254ba21\" data-element_type=\"widget\" data-e-type=\"widget\" data-widget_type=\"divider.default\">\n\t\t\t\t\t\t\t<div class=\"elementor-divider\">\n\t\t\t<span class=\"elementor-divider-separator\">\n\t\t\t\t\t\t<\/span>\n\t\t<\/div>\n\t\t\t\t\t\t<\/div>\n\t\t\t\t<div class=\"elementor-element elementor-element-99e985b elementor-widget__width-inherit elementor-widget elementor-widget-text-editor\" data-id=\"99e985b\" data-element_type=\"widget\" data-e-type=\"widget\" data-widget_type=\"text-editor.default\">\n\t\t\t\t\t\t\t\t\t<p>Os nossos motoristas s\u00e3o os guardi\u00f5es do teu conforto. Pontuais, <b>profissionais<\/b> e excecionalmente discretos, s\u00e3o escolhidos a dedo pelos seus conhecimentos locais e pelo seu empenho num <b>servi\u00e7o impec\u00e1vel<\/b>. <\/p><p>Podes mergulhar totalmente na beleza da paisagem, com a certeza de que est\u00e1s em <b>m\u00e3os seguras e especializadas<\/b>.<\/p>\t\t\t\t\t\t\t\t<\/div>\n\t\t\t\t<\/div>\n\t\t\t\t<\/div>\n\t\t<div class=\"elementor-element elementor-element-5d68d91 e-con-full e-flex e-con e-child\" data-id=\"5d68d91\" data-element_type=\"container\" data-e-type=\"container\" data-settings=\"{&quot;background_background&quot;:&quot;classic&quot;,&quot;background_motion_fx_motion_fx_scrolling&quot;:&quot;yes&quot;,&quot;background_motion_fx_translateY_effect&quot;:&quot;yes&quot;,&quot;background_motion_fx_translateY_direction&quot;:&quot;negative&quot;,&quot;background_motion_fx_translateY_speed&quot;:{&quot;unit&quot;:&quot;px&quot;,&quot;size&quot;:4,&quot;sizes&quot;:[]},&quot;background_motion_fx_translateY_affectedRange&quot;:{&quot;unit&quot;:&quot;%&quot;,&quot;size&quot;:&quot;&quot;,&quot;sizes&quot;:{&quot;start&quot;:0,&quot;end&quot;:100}},&quot;background_motion_fx_devices&quot;:[&quot;desktop&quot;,&quot;tablet_extra&quot;,&quot;tablet&quot;,&quot;mobile&quot;]}\">\n\t\t\t\t<\/div>\n\t\t\t\t\t<\/div>\n\t\t\t\t<\/div>\n\t\t<div class=\"elementor-element elementor-element-143e7c3 e-flex e-con-boxed e-con e-parent\" data-id=\"143e7c3\" data-element_type=\"container\" data-e-type=\"container\">\n\t\t\t\t\t<div class=\"e-con-inner\">\n\t\t<div class=\"elementor-element elementor-element-ea726d1 e-con-full e-flex e-con e-child\" data-id=\"ea726d1\" data-element_type=\"container\" data-e-type=\"container\" data-settings=\"{&quot;background_background&quot;:&quot;classic&quot;,&quot;background_motion_fx_motion_fx_scrolling&quot;:&quot;yes&quot;,&quot;background_motion_fx_translateY_effect&quot;:&quot;yes&quot;,&quot;background_motion_fx_translateY_speed&quot;:{&quot;unit&quot;:&quot;px&quot;,&quot;size&quot;:4,&quot;sizes&quot;:[]},&quot;background_motion_fx_translateY_affectedRange&quot;:{&quot;unit&quot;:&quot;%&quot;,&quot;size&quot;:&quot;&quot;,&quot;sizes&quot;:{&quot;start&quot;:0,&quot;end&quot;:100}},&quot;background_motion_fx_devices&quot;:[&quot;desktop&quot;,&quot;tablet_extra&quot;,&quot;tablet&quot;,&quot;mobile&quot;]}\">\n\t\t\t\t<\/div>\n\t\t<div class=\"elementor-element elementor-element-df2cda4 e-con-full e-flex e-con e-child\" data-id=\"df2cda4\" data-element_type=\"container\" data-e-type=\"container\">\n\t\t<div class=\"elementor-element elementor-element-a8ab9e4 e-con-full e-flex e-con e-child\" data-id=\"a8ab9e4\" data-element_type=\"container\" data-e-type=\"container\" data-settings=\"{&quot;sticky&quot;:&quot;top&quot;,&quot;sticky_offset&quot;:110,&quot;sticky_parent&quot;:&quot;yes&quot;,&quot;sticky_on&quot;:[&quot;desktop&quot;,&quot;tablet_extra&quot;,&quot;tablet&quot;,&quot;mobile&quot;],&quot;sticky_effects_offset&quot;:0,&quot;sticky_anchor_link_offset&quot;:0}\">\n\t\t\t\t<div class=\"elementor-element elementor-element-60117ca elementor-widget__width-initial elementor-widget elementor-widget-heading\" data-id=\"60117ca\" data-element_type=\"widget\" data-e-type=\"widget\" data-widget_type=\"heading.default\">\n\t\t\t\t\t<h2 class=\"elementor-heading-title elementor-size-default\">Equipa de cozinha<\/h2>\t\t\t\t<\/div>\n\t\t\t\t<div class=\"elementor-element elementor-element-991ca84 elementor-widget__width-initial elementor-widget elementor-widget-heading\" data-id=\"991ca84\" data-element_type=\"widget\" data-e-type=\"widget\" data-widget_type=\"heading.default\">\n\t\t\t\t\t<h3 class=\"elementor-heading-title elementor-size-default\">os sabores aut\u00eanticos da toscana<\/h3>\t\t\t\t<\/div>\n\t\t\t\t<div class=\"elementor-element elementor-element-b064ec9 elementor-widget-divider--view-line elementor-widget elementor-widget-divider\" data-id=\"b064ec9\" data-element_type=\"widget\" data-e-type=\"widget\" data-widget_type=\"divider.default\">\n\t\t\t\t\t\t\t<div class=\"elementor-divider\">\n\t\t\t<span class=\"elementor-divider-separator\">\n\t\t\t\t\t\t<\/span>\n\t\t<\/div>\n\t\t\t\t\t\t<\/div>\n\t\t\t\t<div class=\"elementor-element elementor-element-e81f0b8 elementor-widget__width-inherit elementor-widget elementor-widget-text-editor\" data-id=\"e81f0b8\" data-element_type=\"widget\" data-e-type=\"widget\" data-widget_type=\"text-editor.default\">\n\t\t\t\t\t\t\t\t\t<p>A nossa <b>equipa culin\u00e1ria<\/b> traz a alma da cozinha toscana diretamente para ti. Composta por chefs apaixonados e nonnas locais, aperfei\u00e7oaram <b>receitas familiares aut\u00eanticas<\/b> durante gera\u00e7\u00f5es. <\/p><p>Desde aulas pr\u00e1ticas de culin\u00e1ria a jantares privados, oferecemos uma <b>experi\u00eancia culin\u00e1ria sem paralelo<\/b>, concebida para te ligar aos <b>sabores ricos<\/b> que definem a nossa cultura.<\/p>\t\t\t\t\t\t\t\t<\/div>\n\t\t\t\t<\/div>\n\t\t\t\t<\/div>\n\t\t\t\t\t<\/div>\n\t\t\t\t<\/div>\n\t\t\t\t<\/div>\n\t\t","protected":false},"excerpt":{"rendered":"<p>a alma aut\u00eantica da toscana Bem-vindo ao mundo da Tours of Tuscany, onde acreditamos que as viagens mais significativas s\u00e3o constru\u00eddas com base em liga\u00e7\u00f5es pessoais e descobertas aut\u00eanticas. Estamos aqui para transformar as tuas f\u00e9rias numa hist\u00f3ria pessoal, cuidadosamente elaborada para refletir a alma genu\u00edna da nossa querida regi\u00e3o. Este \u00e9 o nosso compromisso [&hellip;]<\/p>\n","protected":false},"author":3,"featured_media":0,"parent":0,"menu_order":0,"comment_status":"closed","ping_status":"closed","template":"elementor_header_footer","meta":{"_acf_changed":false,"footnotes":""},"class_list":["post-8184","page","type-page","status-publish","hentry"],"acf":[],"yoast_head":"<!-- This site is optimized with the Yoast SEO plugin v27.0 - https:\/\/yoast.com\/product\/yoast-seo-wordpress\/ -->\n<title>Tours of Tuscany: A nossa hist\u00f3ria e filosofia<\/title>\n<meta name=\"description\" content=\"Descobre a paix\u00e3o por detr\u00e1s da Tours of Tuscany. Somos uma empresa familiar que cria passeios aut\u00eanticos e personalizados e experi\u00eancias inesquec\u00edveis no cora\u00e7\u00e3o da nossa querida regi\u00e3o.\" \/>\n<meta name=\"robots\" content=\"index, follow, max-snippet:-1, max-image-preview:large, max-video-preview:-1\" \/>\n<link rel=\"canonical\" href=\"https:\/\/toursoftuscany.it\/pt-pt\/sobre-nos\/\" \/>\n<meta property=\"og:locale\" content=\"pt_PT\" \/>\n<meta property=\"og:type\" content=\"article\" \/>\n<meta property=\"og:title\" content=\"Tours of Tuscany: A nossa hist\u00f3ria e filosofia\" \/>\n<meta property=\"og:description\" content=\"Descobre a paix\u00e3o por detr\u00e1s da Tours of Tuscany. Somos uma empresa familiar que cria passeios aut\u00eanticos e personalizados e experi\u00eancias inesquec\u00edveis no cora\u00e7\u00e3o da nossa querida regi\u00e3o.\" \/>\n<meta property=\"og:url\" content=\"https:\/\/toursoftuscany.it\/pt-pt\/sobre-nos\/\" \/>\n<meta property=\"og:site_name\" content=\"Tours of Tuscany\" \/>\n<meta property=\"article:modified_time\" content=\"2026-02-23T13:51:47+00:00\" \/>\n<meta name=\"twitter:card\" content=\"summary_large_image\" \/>\n<meta name=\"twitter:label1\" content=\"Tempo estimado de leitura\" \/>\n\t<meta name=\"twitter:data1\" content=\"3 minutos\" \/>\n<script type=\"application\/ld+json\" class=\"yoast-schema-graph\">{\"@context\":\"https:\/\/schema.org\",\"@graph\":[{\"@type\":\"WebPage\",\"@id\":\"https:\/\/toursoftuscany.it\/pt-pt\/sobre-nos\/\",\"url\":\"https:\/\/toursoftuscany.it\/pt-pt\/sobre-nos\/\",\"name\":\"Tours of Tuscany: A nossa hist\u00f3ria e filosofia\",\"isPartOf\":{\"@id\":\"https:\/\/toursoftuscany.it\/pt-pt\/#website\"},\"datePublished\":\"2025-09-09T06:57:26+00:00\",\"dateModified\":\"2026-02-23T13:51:47+00:00\",\"description\":\"Descobre a paix\u00e3o por detr\u00e1s da Tours of Tuscany. Somos uma empresa familiar que cria passeios aut\u00eanticos e personalizados e experi\u00eancias inesquec\u00edveis no cora\u00e7\u00e3o da nossa querida regi\u00e3o.\",\"inLanguage\":\"pt-PT\",\"potentialAction\":[{\"@type\":\"ReadAction\",\"target\":[\"https:\/\/toursoftuscany.it\/pt-pt\/sobre-nos\/\"]}]},{\"@type\":\"WebSite\",\"@id\":\"https:\/\/toursoftuscany.it\/pt-pt\/#website\",\"url\":\"https:\/\/toursoftuscany.it\/pt-pt\/\",\"name\":\"Tours of Tuscany\",\"description\":\"\",\"publisher\":{\"@id\":\"https:\/\/toursoftuscany.it\/pt-pt\/#organization\"},\"potentialAction\":[{\"@type\":\"SearchAction\",\"target\":{\"@type\":\"EntryPoint\",\"urlTemplate\":\"https:\/\/toursoftuscany.it\/pt-pt\/?s={search_term_string}\"},\"query-input\":{\"@type\":\"PropertyValueSpecification\",\"valueRequired\":true,\"valueName\":\"search_term_string\"}}],\"inLanguage\":\"pt-PT\"},{\"@type\":\"Organization\",\"@id\":\"https:\/\/toursoftuscany.it\/pt-pt\/#organization\",\"name\":\"Tours of Tuscany\",\"url\":\"https:\/\/toursoftuscany.it\/pt-pt\/\",\"logo\":{\"@type\":\"ImageObject\",\"inLanguage\":\"pt-PT\",\"@id\":\"https:\/\/toursoftuscany.it\/pt-pt\/#\/schema\/logo\/image\/\",\"url\":\"https:\/\/toursoftuscany.it\/wp-content\/uploads\/2025\/08\/cropped-favicon.png\",\"contentUrl\":\"https:\/\/toursoftuscany.it\/wp-content\/uploads\/2025\/08\/cropped-favicon.png\",\"width\":512,\"height\":512,\"caption\":\"Tours of Tuscany\"},\"image\":{\"@id\":\"https:\/\/toursoftuscany.it\/pt-pt\/#\/schema\/logo\/image\/\"}}]}<\/script>\n<!-- \/ Yoast SEO plugin. -->","yoast_head_json":{"title":"Tours of Tuscany: A nossa hist\u00f3ria e filosofia","description":"Descobre a paix\u00e3o por detr\u00e1s da Tours of Tuscany. Somos uma empresa familiar que cria passeios aut\u00eanticos e personalizados e experi\u00eancias inesquec\u00edveis no cora\u00e7\u00e3o da nossa querida regi\u00e3o.","robots":{"index":"index","follow":"follow","max-snippet":"max-snippet:-1","max-image-preview":"max-image-preview:large","max-video-preview":"max-video-preview:-1"},"canonical":"https:\/\/toursoftuscany.it\/pt-pt\/sobre-nos\/","og_locale":"pt_PT","og_type":"article","og_title":"Tours of Tuscany: A nossa hist\u00f3ria e filosofia","og_description":"Descobre a paix\u00e3o por detr\u00e1s da Tours of Tuscany. Somos uma empresa familiar que cria passeios aut\u00eanticos e personalizados e experi\u00eancias inesquec\u00edveis no cora\u00e7\u00e3o da nossa querida regi\u00e3o.","og_url":"https:\/\/toursoftuscany.it\/pt-pt\/sobre-nos\/","og_site_name":"Tours of Tuscany","article_modified_time":"2026-02-23T13:51:47+00:00","twitter_card":"summary_large_image","twitter_misc":{"Tempo estimado de leitura":"3 minutos"},"schema":{"@context":"https:\/\/schema.org","@graph":[{"@type":"WebPage","@id":"https:\/\/toursoftuscany.it\/pt-pt\/sobre-nos\/","url":"https:\/\/toursoftuscany.it\/pt-pt\/sobre-nos\/","name":"Tours of Tuscany: A nossa hist\u00f3ria e filosofia","isPartOf":{"@id":"https:\/\/toursoftuscany.it\/pt-pt\/#website"},"datePublished":"2025-09-09T06:57:26+00:00","dateModified":"2026-02-23T13:51:47+00:00","description":"Descobre a paix\u00e3o por detr\u00e1s da Tours of Tuscany. Somos uma empresa familiar que cria passeios aut\u00eanticos e personalizados e experi\u00eancias inesquec\u00edveis no cora\u00e7\u00e3o da nossa querida regi\u00e3o.","inLanguage":"pt-PT","potentialAction":[{"@type":"ReadAction","target":["https:\/\/toursoftuscany.it\/pt-pt\/sobre-nos\/"]}]},{"@type":"WebSite","@id":"https:\/\/toursoftuscany.it\/pt-pt\/#website","url":"https:\/\/toursoftuscany.it\/pt-pt\/","name":"Tours of Tuscany","description":"","publisher":{"@id":"https:\/\/toursoftuscany.it\/pt-pt\/#organization"},"potentialAction":[{"@type":"SearchAction","target":{"@type":"EntryPoint","urlTemplate":"https:\/\/toursoftuscany.it\/pt-pt\/?s={search_term_string}"},"query-input":{"@type":"PropertyValueSpecification","valueRequired":true,"valueName":"search_term_string"}}],"inLanguage":"pt-PT"},{"@type":"Organization","@id":"https:\/\/toursoftuscany.it\/pt-pt\/#organization","name":"Tours of Tuscany","url":"https:\/\/toursoftuscany.it\/pt-pt\/","logo":{"@type":"ImageObject","inLanguage":"pt-PT","@id":"https:\/\/toursoftuscany.it\/pt-pt\/#\/schema\/logo\/image\/","url":"https:\/\/toursoftuscany.it\/wp-content\/uploads\/2025\/08\/cropped-favicon.png","contentUrl":"https:\/\/toursoftuscany.it\/wp-content\/uploads\/2025\/08\/cropped-favicon.png","width":512,"height":512,"caption":"Tours of Tuscany"},"image":{"@id":"https:\/\/toursoftuscany.it\/pt-pt\/#\/schema\/logo\/image\/"}}]}},"_links":{"self":[{"href":"https:\/\/toursoftuscany.it\/pt-pt\/wp-json\/wp\/v2\/pages\/8184","targetHints":{"allow":["GET"]}}],"collection":[{"href":"https:\/\/toursoftuscany.it\/pt-pt\/wp-json\/wp\/v2\/pages"}],"about":[{"href":"https:\/\/toursoftuscany.it\/pt-pt\/wp-json\/wp\/v2\/types\/page"}],"author":[{"embeddable":true,"href":"https:\/\/toursoftuscany.it\/pt-pt\/wp-json\/wp\/v2\/users\/3"}],"replies":[{"embeddable":true,"href":"https:\/\/toursoftuscany.it\/pt-pt\/wp-json\/wp\/v2\/comments?post=8184"}],"version-history":[{"count":4,"href":"https:\/\/toursoftuscany.it\/pt-pt\/wp-json\/wp\/v2\/pages\/8184\/revisions"}],"predecessor-version":[{"id":10502,"href":"https:\/\/toursoftuscany.it\/pt-pt\/wp-json\/wp\/v2\/pages\/8184\/revisions\/10502"}],"wp:attachment":[{"href":"https:\/\/toursoftuscany.it\/pt-pt\/wp-json\/wp\/v2\/media?parent=8184"}],"curies":[{"name":"wp","href":"https:\/\/api.w.org\/{rel}","templated":true}]}}