{"id":8192,"date":"2025-09-26T07:59:37","date_gmt":"2025-09-26T07:59:37","guid":{"rendered":"https:\/\/toursoftuscany.it\/agencias-de-viagens\/"},"modified":"2025-12-10T10:32:16","modified_gmt":"2025-12-10T10:32:16","slug":"agencias-de-viagens","status":"publish","type":"page","link":"https:\/\/toursoftuscany.it\/pt-pt\/agencias-de-viagens\/","title":{"rendered":"Ag\u00eancias de viagens"},"content":{"rendered":"\t\t<div data-elementor-type=\"wp-page\" data-elementor-id=\"8192\" class=\"elementor elementor-8192 elementor-4646\" data-elementor-post-type=\"page\">\n\t\t\t\t<div class=\"elementor-element elementor-element-f96160c e-flex e-con-boxed e-con e-parent\" data-id=\"f96160c\" data-element_type=\"container\" data-e-type=\"container\">\n\t\t\t\t\t<div class=\"e-con-inner\">\n\t\t<div class=\"elementor-element elementor-element-266d8cc e-con-full e-flex e-con e-child\" data-id=\"266d8cc\" data-element_type=\"container\" data-e-type=\"container\" data-settings=\"{&quot;background_background&quot;:&quot;classic&quot;}\">\n\t\t\t\t<\/div>\n\t\t<div class=\"elementor-element elementor-element-711a5b0 e-con-full e-flex e-con e-child\" data-id=\"711a5b0\" data-element_type=\"container\" data-e-type=\"container\" data-settings=\"{&quot;background_background&quot;:&quot;classic&quot;}\">\n\t\t\t\t<div class=\"elementor-element elementor-element-eaf6e97 elementor-widget__width-initial elementor-widget elementor-widget-heading\" data-id=\"eaf6e97\" data-element_type=\"widget\" data-e-type=\"widget\" data-widget_type=\"heading.default\">\n\t\t\t\t\t<p class=\"elementor-heading-title elementor-size-default\">Bem-vindo ao teu centro de parceiros exclusivo<\/p>\t\t\t\t<\/div>\n\t\t\t\t<div class=\"elementor-element elementor-element-a0cdb95 elementor-widget-divider--view-line elementor-widget elementor-widget-divider\" data-id=\"a0cdb95\" data-element_type=\"widget\" data-e-type=\"widget\" data-widget_type=\"divider.default\">\n\t\t\t\t\t\t\t<div class=\"elementor-divider\">\n\t\t\t<span class=\"elementor-divider-separator\">\n\t\t\t\t\t\t<\/span>\n\t\t<\/div>\n\t\t\t\t\t\t<\/div>\n\t\t\t\t<div class=\"elementor-element elementor-element-89afd0c elementor-widget__width-initial elementor-widget elementor-widget-heading\" data-id=\"89afd0c\" data-element_type=\"widget\" data-e-type=\"widget\" data-widget_type=\"heading.default\">\n\t\t\t\t\t<h3 class=\"elementor-heading-title elementor-size-default\">O teu acesso direto a pre\u00e7os exclusivos e a recursos de vendas essenciais<\/h3>\t\t\t\t<\/div>\n\t\t\t\t<div class=\"elementor-element elementor-element-b9360c4 elementor-widget__width-inherit elementor-widget elementor-widget-text-editor\" data-id=\"b9360c4\" data-element_type=\"widget\" data-e-type=\"widget\" data-widget_type=\"text-editor.default\">\n\t\t\t\t\t\t\t\t\t<p>Temos o prazer de oferecer aos nossos estimados parceiros de viagem este portal privado. Este \u00e9 o teu espa\u00e7o dedicado para opera\u00e7\u00f5es simplificadas e m\u00e1ximo potencial de vendas. <\/p><p>Aqui, encontrar\u00e1s os nossos <b>pre\u00e7os l\u00edquidos<\/b> mais competitivos, <b>estruturas de comiss\u00f5es<\/b> abrangentes e <b>materiais de marketing de marca branca descarreg\u00e1veis<\/b>, concebidos especificamente para te ajudar a ter sucesso na venda das nossas excurs\u00f5es de luxo com curadoria.<\/p>\t\t\t\t\t\t\t\t<\/div>\n\t\t\t\t<\/div>\n\t\t\t\t\t<\/div>\n\t\t\t\t<\/div>\n\t\t<div class=\"elementor-element elementor-element-b4daba0 e-flex e-con-boxed e-con e-parent\" data-id=\"b4daba0\" data-element_type=\"container\" data-e-type=\"container\">\n\t\t\t\t\t<div class=\"e-con-inner\">\n\t\t<div class=\"elementor-element elementor-element-854c263 e-con-full e-flex e-con e-child\" data-id=\"854c263\" data-element_type=\"container\" data-e-type=\"container\" data-settings=\"{&quot;background_background&quot;:&quot;classic&quot;}\">\n\t\t<div class=\"elementor-element elementor-element-4f284c0 e-con-full e-flex e-con e-child\" data-id=\"4f284c0\" data-element_type=\"container\" data-e-type=\"container\">\n\t\t\t\t<div class=\"elementor-element elementor-element-733dca1 elementor-widget elementor-widget-heading\" data-id=\"733dca1\" data-element_type=\"widget\" data-e-type=\"widget\" data-widget_type=\"heading.default\">\n\t\t\t\t\t<h2 class=\"elementor-heading-title elementor-size-default\">Premium Tours e oportunidades de neg\u00f3cio<\/h2>\t\t\t\t<\/div>\n\t\t\t\t<div class=\"elementor-element elementor-element-46097ab elementor-widget-divider--view-line elementor-widget elementor-widget-divider\" data-id=\"46097ab\" data-element_type=\"widget\" data-e-type=\"widget\" data-widget_type=\"divider.default\">\n\t\t\t\t\t\t\t<div class=\"elementor-divider\">\n\t\t\t<span class=\"elementor-divider-separator\">\n\t\t\t\t\t\t<\/span>\n\t\t<\/div>\n\t\t\t\t\t\t<\/div>\n\t\t\t\t<div class=\"elementor-element elementor-element-93b34ea elementor-widget__width-initial elementor-widget elementor-widget-heading\" data-id=\"93b34ea\" data-element_type=\"widget\" data-e-type=\"widget\" data-widget_type=\"heading.default\">\n\t\t\t\t\t<h3 class=\"elementor-heading-title elementor-size-default\">O guia definitivo para viagens e comiss\u00f5es de luxo \u00e0 medida<\/h3>\t\t\t\t<\/div>\n\t\t\t\t<div class=\"elementor-element elementor-element-2db9fdb elementor-widget__width-inherit elementor-widget elementor-widget-text-editor\" data-id=\"2db9fdb\" data-element_type=\"widget\" data-e-type=\"widget\" data-widget_type=\"text-editor.default\">\n\t\t\t\t\t\t\t\t\t<p>Acede \u00e0 nossa cole\u00e7\u00e3o exclusiva de viagens privadas e itiner\u00e1rios totalmente personalizados. Este cat\u00e1logo abrangente foi concebido para ser a tua principal ferramenta de vendas, apresentando os nossos <g id=\"gid_0\">destinos mais procurados<\/g>, experi\u00eancias \u00fanicas, <g id=\"gid_1\">taxas de comiss\u00e3o lucrativas<\/g> e a estrutura da nossa <g id=\"gid_2\">parceria estrat\u00e9gica<\/g>. Usa este cat\u00e1logo para <b>garantir reservas de alto valor<\/b> rapidamente e fazer crescer a tua ag\u00eancia.  <\/p>\t\t\t\t\t\t\t\t<\/div>\n\t\t\t\t<div class=\"elementor-element elementor-element-262d00c toft_animated_button toft_small_button toft_animated_button_background elementor-widget elementor-widget-button\" data-id=\"262d00c\" data-element_type=\"widget\" data-e-type=\"widget\" data-widget_type=\"button.default\">\n\t\t\t\t\t\t\t\t\t\t<a class=\"elementor-button elementor-button-link elementor-size-sm\" href=\"https:\/\/drive.google.com\/file\/d\/1XYgyjsd-ztmcKjWK3WRmZK_tCrIQKOsn\/view?usp=drive_link\" target=\"_blank\" rel=\"nofollow\">\n\t\t\t\t\t\t<span class=\"elementor-button-content-wrapper\">\n\t\t\t\t\t\t\t\t\t<span class=\"elementor-button-text\">VER PDF<\/span>\n\t\t\t\t\t<\/span>\n\t\t\t\t\t<\/a>\n\t\t\t\t\t\t\t\t<\/div>\n\t\t\t\t<\/div>\n\t\t<div class=\"elementor-element elementor-element-c08ec93 e-con-full e-flex e-con e-child\" data-id=\"c08ec93\" data-element_type=\"container\" data-e-type=\"container\">\n\t\t\t\t<div class=\"elementor-element elementor-element-ab05cd5 elementor-widget elementor-widget-heading\" data-id=\"ab05cd5\" data-element_type=\"widget\" data-e-type=\"widget\" data-widget_type=\"heading.default\">\n\t\t\t\t\t<h2 class=\"elementor-heading-title elementor-size-default\">Experi\u00eancias culin\u00e1rias<\/h2>\t\t\t\t<\/div>\n\t\t\t\t<div class=\"elementor-element elementor-element-64c9dc1 elementor-widget-divider--view-line elementor-widget elementor-widget-divider\" data-id=\"64c9dc1\" data-element_type=\"widget\" data-e-type=\"widget\" data-widget_type=\"divider.default\">\n\t\t\t\t\t\t\t<div class=\"elementor-divider\">\n\t\t\t<span class=\"elementor-divider-separator\">\n\t\t\t\t\t\t<\/span>\n\t\t<\/div>\n\t\t\t\t\t\t<\/div>\n\t\t\t\t<div class=\"elementor-element elementor-element-32b745f elementor-widget__width-initial elementor-widget elementor-widget-heading\" data-id=\"32b745f\" data-element_type=\"widget\" data-e-type=\"widget\" data-widget_type=\"heading.default\">\n\t\t\t\t\t<h3 class=\"elementor-heading-title elementor-size-default\">Acende o paladar dos teus clientes com aulas de culin\u00e1ria exclusivas<\/h3>\t\t\t\t<\/div>\n\t\t\t\t<div class=\"elementor-element elementor-element-fad7315 elementor-widget__width-inherit elementor-widget elementor-widget-text-editor\" data-id=\"fad7315\" data-element_type=\"widget\" data-e-type=\"widget\" data-widget_type=\"text-editor.default\">\n\t\t\t\t\t\t\t\t\t<p>Descobre a nossa oferta completa de experi\u00eancias culin\u00e1rias imersivas e pr\u00e1ticas, concebidas para uma clientela de alto n\u00edvel.<\/p><p>Este recurso essencial \u00e9 o teu <b>kit de parceria<\/b>, que inclui <b>descri\u00e7\u00f5es detalhadas das aulas<\/b>, detalhes de localiza\u00e7\u00e3o (desde moradias privadas a cozinhas hist\u00f3ricas), <b>pre\u00e7os l\u00edquidos actualizados<\/b> e todos os detalhes de colabora\u00e7\u00e3o de que precisas para vender facilmente estes <b>programas<\/b> \u00fanicos e <b>de elevada procura<\/b>.<\/p>\t\t\t\t\t\t\t\t<\/div>\n\t\t\t\t<div class=\"elementor-element elementor-element-4d076d0 toft_animated_button toft_small_button toft_animated_button_background elementor-widget elementor-widget-button\" data-id=\"4d076d0\" data-element_type=\"widget\" data-e-type=\"widget\" data-widget_type=\"button.default\">\n\t\t\t\t\t\t\t\t\t\t<a class=\"elementor-button elementor-button-link elementor-size-sm\" href=\"https:\/\/drive.google.com\/file\/d\/1Y4wSwP2_t95-Nb6jl55Td8oKLqhIglW0\/view?usp=drive_link\" target=\"_blank\" rel=\"nofollow\">\n\t\t\t\t\t\t<span class=\"elementor-button-content-wrapper\">\n\t\t\t\t\t\t\t\t\t<span class=\"elementor-button-text\">VER PDF<\/span>\n\t\t\t\t\t<\/span>\n\t\t\t\t\t<\/a>\n\t\t\t\t\t\t\t\t<\/div>\n\t\t\t\t<\/div>\n\t\t\t\t<\/div>\n\t\t\t\t\t<\/div>\n\t\t\t\t<\/div>\n\t\t<div class=\"elementor-element elementor-element-7eb7436 e-flex e-con-boxed e-con e-parent\" data-id=\"7eb7436\" data-element_type=\"container\" data-e-type=\"container\">\n\t\t\t\t\t<div class=\"e-con-inner\">\n\t\t\t\t<div class=\"elementor-element elementor-element-070c4ec elementor-widget elementor-widget-html\" data-id=\"070c4ec\" data-element_type=\"widget\" data-e-type=\"widget\" data-widget_type=\"html.default\">\n\t\t\t\t\t<script type=\"text\/javascript\" src=\"https:\/\/widgets.bokun.io\/assets\/javascripts\/apps\/build\/BokunWidgetsLoader.js?bookingChannelUUID=4c8c3eb2-16ad-42c0-88d2-978352739da4\" async=\"\"><span data-mce-type=\"bookmark\" style=\"display: inline-block; width: 0px; overflow: hidden; line-height: 0;\" class=\"mce_SELRES_start\"><\/span><\/script>\n<div class=\"bokunWidget\" data-src=\"https:\/\/widgets.bokun.io\/online-sales\/4c8c3eb2-16ad-42c0-88d2-978352739da4\/product-list\/99396\"><\/div>\n<noscript>Por favor, ativa o javascript no teu browser para reservar<\/noscript>\t\t\t\t<\/div>\n\t\t\t\t\t<\/div>\n\t\t\t\t<\/div>\n\t\t\t\t<\/div>\n\t\t","protected":false},"excerpt":{"rendered":"<p>Bem-vindo ao teu centro de parceiros exclusivo O teu acesso direto a pre\u00e7os exclusivos e a recursos de vendas essenciais Temos o prazer de oferecer aos nossos estimados parceiros de viagem este portal privado. Este \u00e9 o teu espa\u00e7o dedicado para opera\u00e7\u00f5es simplificadas e m\u00e1ximo potencial de vendas. Aqui, encontrar\u00e1s os nossos pre\u00e7os l\u00edquidos mais [&hellip;]<\/p>\n","protected":false},"author":3,"featured_media":0,"parent":0,"menu_order":0,"comment_status":"closed","ping_status":"closed","template":"elementor_header_footer","meta":{"_acf_changed":false,"footnotes":""},"class_list":["post-8192","page","type-page","status-publish","hentry"],"acf":[],"yoast_head":"<!-- This site is optimized with the Yoast SEO plugin v27.0 - https:\/\/yoast.com\/product\/yoast-seo-wordpress\/ -->\n<title>Ag\u00eancias de viagens | Tours of Tuscany<\/title>\n<meta name=\"description\" content=\"Bem-vindo ao teu centro de parceiros exclusivo O teu acesso direto a pre\u00e7os exclusivos e a recursos de vendas essenciais Temos o prazer de oferecer aos\" \/>\n<meta name=\"robots\" content=\"noindex, nofollow\" \/>\n<meta property=\"og:locale\" content=\"pt_PT\" \/>\n<meta property=\"og:type\" content=\"article\" \/>\n<meta property=\"og:title\" content=\"Ag\u00eancias de viagens | Tours of Tuscany\" \/>\n<meta property=\"og:description\" content=\"Bem-vindo ao teu centro de parceiros exclusivo O teu acesso direto a pre\u00e7os exclusivos e a recursos de vendas essenciais Temos o prazer de oferecer aos\" \/>\n<meta property=\"og:url\" content=\"https:\/\/toursoftuscany.it\/pt-pt\/agencias-de-viagens\/\" \/>\n<meta property=\"og:site_name\" content=\"Tours of Tuscany\" \/>\n<meta property=\"article:modified_time\" content=\"2025-12-10T10:32:16+00:00\" \/>\n<meta name=\"twitter:card\" content=\"summary_large_image\" \/>\n<meta name=\"twitter:label1\" content=\"Tempo estimado de leitura\" \/>\n\t<meta name=\"twitter:data1\" content=\"1 minuto\" \/>\n<script type=\"application\/ld+json\" class=\"yoast-schema-graph\">{\"@context\":\"https:\/\/schema.org\",\"@graph\":[{\"@type\":\"WebPage\",\"@id\":\"https:\/\/toursoftuscany.it\/pt-pt\/agencias-de-viagens\/\",\"url\":\"https:\/\/toursoftuscany.it\/pt-pt\/agencias-de-viagens\/\",\"name\":\"Ag\u00eancias de viagens | Tours of Tuscany\",\"isPartOf\":{\"@id\":\"https:\/\/toursoftuscany.it\/pt-pt\/#website\"},\"datePublished\":\"2025-09-26T07:59:37+00:00\",\"dateModified\":\"2025-12-10T10:32:16+00:00\",\"description\":\"Bem-vindo ao teu centro de parceiros exclusivo O teu acesso direto a pre\u00e7os exclusivos e a recursos de vendas essenciais Temos o prazer de oferecer aos\",\"inLanguage\":\"pt-PT\",\"potentialAction\":[{\"@type\":\"ReadAction\",\"target\":[\"https:\/\/toursoftuscany.it\/pt-pt\/agencias-de-viagens\/\"]}]},{\"@type\":\"WebSite\",\"@id\":\"https:\/\/toursoftuscany.it\/pt-pt\/#website\",\"url\":\"https:\/\/toursoftuscany.it\/pt-pt\/\",\"name\":\"Tours of Tuscany\",\"description\":\"\",\"publisher\":{\"@id\":\"https:\/\/toursoftuscany.it\/pt-pt\/#organization\"},\"potentialAction\":[{\"@type\":\"SearchAction\",\"target\":{\"@type\":\"EntryPoint\",\"urlTemplate\":\"https:\/\/toursoftuscany.it\/pt-pt\/?s={search_term_string}\"},\"query-input\":{\"@type\":\"PropertyValueSpecification\",\"valueRequired\":true,\"valueName\":\"search_term_string\"}}],\"inLanguage\":\"pt-PT\"},{\"@type\":\"Organization\",\"@id\":\"https:\/\/toursoftuscany.it\/pt-pt\/#organization\",\"name\":\"Tours of Tuscany\",\"url\":\"https:\/\/toursoftuscany.it\/pt-pt\/\",\"logo\":{\"@type\":\"ImageObject\",\"inLanguage\":\"pt-PT\",\"@id\":\"https:\/\/toursoftuscany.it\/pt-pt\/#\/schema\/logo\/image\/\",\"url\":\"https:\/\/toursoftuscany.it\/wp-content\/uploads\/2025\/08\/cropped-favicon.png\",\"contentUrl\":\"https:\/\/toursoftuscany.it\/wp-content\/uploads\/2025\/08\/cropped-favicon.png\",\"width\":512,\"height\":512,\"caption\":\"Tours of Tuscany\"},\"image\":{\"@id\":\"https:\/\/toursoftuscany.it\/pt-pt\/#\/schema\/logo\/image\/\"}}]}<\/script>\n<!-- \/ Yoast SEO plugin. -->","yoast_head_json":{"title":"Ag\u00eancias de viagens | Tours of Tuscany","description":"Bem-vindo ao teu centro de parceiros exclusivo O teu acesso direto a pre\u00e7os exclusivos e a recursos de vendas essenciais Temos o prazer de oferecer aos","robots":{"index":"noindex","follow":"nofollow"},"og_locale":"pt_PT","og_type":"article","og_title":"Ag\u00eancias de viagens | Tours of Tuscany","og_description":"Bem-vindo ao teu centro de parceiros exclusivo O teu acesso direto a pre\u00e7os exclusivos e a recursos de vendas essenciais Temos o prazer de oferecer aos","og_url":"https:\/\/toursoftuscany.it\/pt-pt\/agencias-de-viagens\/","og_site_name":"Tours of Tuscany","article_modified_time":"2025-12-10T10:32:16+00:00","twitter_card":"summary_large_image","twitter_misc":{"Tempo estimado de leitura":"1 minuto"},"schema":{"@context":"https:\/\/schema.org","@graph":[{"@type":"WebPage","@id":"https:\/\/toursoftuscany.it\/pt-pt\/agencias-de-viagens\/","url":"https:\/\/toursoftuscany.it\/pt-pt\/agencias-de-viagens\/","name":"Ag\u00eancias de viagens | Tours of Tuscany","isPartOf":{"@id":"https:\/\/toursoftuscany.it\/pt-pt\/#website"},"datePublished":"2025-09-26T07:59:37+00:00","dateModified":"2025-12-10T10:32:16+00:00","description":"Bem-vindo ao teu centro de parceiros exclusivo O teu acesso direto a pre\u00e7os exclusivos e a recursos de vendas essenciais Temos o prazer de oferecer aos","inLanguage":"pt-PT","potentialAction":[{"@type":"ReadAction","target":["https:\/\/toursoftuscany.it\/pt-pt\/agencias-de-viagens\/"]}]},{"@type":"WebSite","@id":"https:\/\/toursoftuscany.it\/pt-pt\/#website","url":"https:\/\/toursoftuscany.it\/pt-pt\/","name":"Tours of Tuscany","description":"","publisher":{"@id":"https:\/\/toursoftuscany.it\/pt-pt\/#organization"},"potentialAction":[{"@type":"SearchAction","target":{"@type":"EntryPoint","urlTemplate":"https:\/\/toursoftuscany.it\/pt-pt\/?s={search_term_string}"},"query-input":{"@type":"PropertyValueSpecification","valueRequired":true,"valueName":"search_term_string"}}],"inLanguage":"pt-PT"},{"@type":"Organization","@id":"https:\/\/toursoftuscany.it\/pt-pt\/#organization","name":"Tours of Tuscany","url":"https:\/\/toursoftuscany.it\/pt-pt\/","logo":{"@type":"ImageObject","inLanguage":"pt-PT","@id":"https:\/\/toursoftuscany.it\/pt-pt\/#\/schema\/logo\/image\/","url":"https:\/\/toursoftuscany.it\/wp-content\/uploads\/2025\/08\/cropped-favicon.png","contentUrl":"https:\/\/toursoftuscany.it\/wp-content\/uploads\/2025\/08\/cropped-favicon.png","width":512,"height":512,"caption":"Tours of Tuscany"},"image":{"@id":"https:\/\/toursoftuscany.it\/pt-pt\/#\/schema\/logo\/image\/"}}]}},"_links":{"self":[{"href":"https:\/\/toursoftuscany.it\/pt-pt\/wp-json\/wp\/v2\/pages\/8192","targetHints":{"allow":["GET"]}}],"collection":[{"href":"https:\/\/toursoftuscany.it\/pt-pt\/wp-json\/wp\/v2\/pages"}],"about":[{"href":"https:\/\/toursoftuscany.it\/pt-pt\/wp-json\/wp\/v2\/types\/page"}],"author":[{"embeddable":true,"href":"https:\/\/toursoftuscany.it\/pt-pt\/wp-json\/wp\/v2\/users\/3"}],"replies":[{"embeddable":true,"href":"https:\/\/toursoftuscany.it\/pt-pt\/wp-json\/wp\/v2\/comments?post=8192"}],"version-history":[{"count":3,"href":"https:\/\/toursoftuscany.it\/pt-pt\/wp-json\/wp\/v2\/pages\/8192\/revisions"}],"predecessor-version":[{"id":8223,"href":"https:\/\/toursoftuscany.it\/pt-pt\/wp-json\/wp\/v2\/pages\/8192\/revisions\/8223"}],"wp:attachment":[{"href":"https:\/\/toursoftuscany.it\/pt-pt\/wp-json\/wp\/v2\/media?parent=8192"}],"curies":[{"name":"wp","href":"https:\/\/api.w.org\/{rel}","templated":true}]}}